{"id":721,"date":"2023-05-07T10:52:24","date_gmt":"2023-05-07T08:52:24","guid":{"rendered":"https:\/\/ktitechnikagrzewcza.com\/?page_id=721"},"modified":"2026-02-23T18:26:04","modified_gmt":"2026-02-23T17:26:04","slug":"pompy-ciepla","status":"publish","type":"page","link":"https:\/\/ktitechnikagrzewcza.com\/?page_id=721","title":{"rendered":"Pompy ciep\u0142a"},"content":{"rendered":"\t\t<div data-elementor-type=\"wp-page\" data-elementor-id=\"721\" class=\"elementor elementor-721\">\n\t\t\t\t\t\t<section class=\"elementor-section elementor-top-section elementor-element elementor-element-7792f2a elementor-section-content-middle elementor-section-boxed elementor-section-height-default elementor-section-height-default\" data-id=\"7792f2a\" data-element_type=\"section\" data-settings=\"{&quot;background_background&quot;:&quot;classic&quot;,&quot;shape_divider_top&quot;:&quot;mountains&quot;,&quot;shape_divider_bottom&quot;:&quot;mountains&quot;}\">\n\t\t\t\t\t\t\t<div class=\"elementor-background-overlay\"><\/div>\n\t\t\t\t\t\t<div class=\"elementor-shape elementor-shape-top\" data-negative=\"false\">\n\t\t\t<svg xmlns=\"http:\/\/www.w3.org\/2000\/svg\" viewBox=\"0 0 1000 100\" preserveAspectRatio=\"none\">\n\t<path class=\"elementor-shape-fill\" opacity=\"0.33\" d=\"M473,67.3c-203.9,88.3-263.1-34-320.3,0C66,119.1,0,59.7,0,59.7V0h1000v59.7 c0,0-62.1,26.1-94.9,29.3c-32.8,3.3-62.8-12.3-75.8-22.1C806,49.6,745.3,8.7,694.9,4.7S492.4,59,473,67.3z\"\/>\n\t<path class=\"elementor-shape-fill\" opacity=\"0.66\" d=\"M734,67.3c-45.5,0-77.2-23.2-129.1-39.1c-28.6-8.7-150.3-10.1-254,39.1 s-91.7-34.4-149.2,0C115.7,118.3,0,39.8,0,39.8V0h1000v36.5c0,0-28.2-18.5-92.1-18.5C810.2,18.1,775.7,67.3,734,67.3z\"\/>\n\t<path class=\"elementor-shape-fill\" d=\"M766.1,28.9c-200-57.5-266,65.5-395.1,19.5C242,1.8,242,5.4,184.8,20.6C128,35.8,132.3,44.9,89.9,52.5C28.6,63.7,0,0,0,0 h1000c0,0-9.9,40.9-83.6,48.1S829.6,47,766.1,28.9z\"\/>\n<\/svg>\t\t<\/div>\n\t\t\t\t<div class=\"elementor-shape elementor-shape-bottom\" data-negative=\"false\">\n\t\t\t<svg xmlns=\"http:\/\/www.w3.org\/2000\/svg\" viewBox=\"0 0 1000 100\" preserveAspectRatio=\"none\">\n\t<path class=\"elementor-shape-fill\" opacity=\"0.33\" d=\"M473,67.3c-203.9,88.3-263.1-34-320.3,0C66,119.1,0,59.7,0,59.7V0h1000v59.7 c0,0-62.1,26.1-94.9,29.3c-32.8,3.3-62.8-12.3-75.8-22.1C806,49.6,745.3,8.7,694.9,4.7S492.4,59,473,67.3z\"\/>\n\t<path class=\"elementor-shape-fill\" opacity=\"0.66\" d=\"M734,67.3c-45.5,0-77.2-23.2-129.1-39.1c-28.6-8.7-150.3-10.1-254,39.1 s-91.7-34.4-149.2,0C115.7,118.3,0,39.8,0,39.8V0h1000v36.5c0,0-28.2-18.5-92.1-18.5C810.2,18.1,775.7,67.3,734,67.3z\"\/>\n\t<path class=\"elementor-shape-fill\" d=\"M766.1,28.9c-200-57.5-266,65.5-395.1,19.5C242,1.8,242,5.4,184.8,20.6C128,35.8,132.3,44.9,89.9,52.5C28.6,63.7,0,0,0,0 h1000c0,0-9.9,40.9-83.6,48.1S829.6,47,766.1,28.9z\"\/>\n<\/svg>\t\t<\/div>\n\t\t\t\t\t<div class=\"elementor-container elementor-column-gap-no\">\n\t\t\t\t\t<div class=\"elementor-column elementor-col-100 elementor-top-column elementor-element elementor-element-f57637b\" data-id=\"f57637b\" data-element_type=\"column\" data-settings=\"{&quot;background_background&quot;:&quot;classic&quot;}\">\n\t\t\t<div class=\"elementor-widget-wrap elementor-element-populated\">\n\t\t\t\t\t\t<div class=\"elementor-element elementor-element-b86c347 envato-kit-138-bracket elementor-invisible elementor-widget elementor-widget-heading\" data-id=\"b86c347\" data-element_type=\"widget\" data-settings=\"{&quot;_animation&quot;:&quot;fadeInLeft&quot;}\" data-widget_type=\"heading.default\">\n\t\t\t\t<div class=\"elementor-widget-container\">\n\t\t\t<h3 class=\"elementor-heading-title elementor-size-default\">Pompy ciep\u0142a<\/h3>\t\t<\/div>\n\t\t\t\t<\/div>\n\t\t\t\t<section class=\"elementor-section elementor-inner-section elementor-element elementor-element-69edb07 elementor-section-boxed elementor-section-height-default elementor-section-height-default\" data-id=\"69edb07\" data-element_type=\"section\">\n\t\t\t\t\t\t<div class=\"elementor-container elementor-column-gap-default\">\n\t\t\t\t\t<div class=\"elementor-column elementor-col-50 elementor-inner-column elementor-element elementor-element-7a9a57f\" data-id=\"7a9a57f\" data-element_type=\"column\">\n\t\t\t<div class=\"elementor-widget-wrap elementor-element-populated\">\n\t\t\t\t\t\t<div class=\"elementor-element elementor-element-dedd279 elementor-invisible elementor-widget elementor-widget-image\" data-id=\"dedd279\" data-element_type=\"widget\" data-settings=\"{&quot;_animation&quot;:&quot;fadeInLeft&quot;}\" data-widget_type=\"image.default\">\n\t\t\t\t<div class=\"elementor-widget-container\">\n\t\t\t\t\t\t\t\t\t\t\t\t\t<img fetchpriority=\"high\" decoding=\"async\" width=\"580\" height=\"581\" src=\"https:\/\/ktitechnikagrzewcza.com\/wp-content\/uploads\/2026\/02\/Na-strone-2-768x769.jpg\" class=\"attachment-medium_large size-medium_large wp-image-886\" alt=\"\" srcset=\"https:\/\/ktitechnikagrzewcza.com\/wp-content\/uploads\/2026\/02\/Na-strone-2-768x769.jpg 768w, https:\/\/ktitechnikagrzewcza.com\/wp-content\/uploads\/2026\/02\/Na-strone-2-300x300.jpg 300w, https:\/\/ktitechnikagrzewcza.com\/wp-content\/uploads\/2026\/02\/Na-strone-2-1024x1024.jpg 1024w, https:\/\/ktitechnikagrzewcza.com\/wp-content\/uploads\/2026\/02\/Na-strone-2-150x150.jpg 150w, https:\/\/ktitechnikagrzewcza.com\/wp-content\/uploads\/2026\/02\/Na-strone-2-1534x1536.jpg 1534w, https:\/\/ktitechnikagrzewcza.com\/wp-content\/uploads\/2026\/02\/Na-strone-2-2046x2048.jpg 2046w, https:\/\/ktitechnikagrzewcza.com\/wp-content\/uploads\/2026\/02\/Na-strone-2-1200x1201.jpg 1200w, https:\/\/ktitechnikagrzewcza.com\/wp-content\/uploads\/2026\/02\/Na-strone-2-1980x1982.jpg 1980w\" sizes=\"(max-width: 580px) 100vw, 580px\" \/>\t\t\t\t\t\t\t\t\t\t\t\t\t<\/div>\n\t\t\t\t<\/div>\n\t\t\t\t\t<\/div>\n\t\t<\/div>\n\t\t\t\t<div class=\"elementor-column elementor-col-50 elementor-inner-column elementor-element elementor-element-1ef0097\" data-id=\"1ef0097\" data-element_type=\"column\">\n\t\t\t<div class=\"elementor-widget-wrap elementor-element-populated\">\n\t\t\t\t\t\t<div class=\"elementor-element elementor-element-93e092a elementor-invisible elementor-widget elementor-widget-text-editor\" data-id=\"93e092a\" data-element_type=\"widget\" data-settings=\"{&quot;_animation&quot;:&quot;fadeInRight&quot;}\" data-widget_type=\"text-editor.default\">\n\t\t\t\t<div class=\"elementor-widget-container\">\n\t\t\t\t\t\t\t<p>\u00a0<\/p><h3 data-start=\"405\" data-end=\"478\">Pompy ciep\u0142a \u2013 monta\u017c i serwis | Cz\u0119stochowa, Myszk\u00f3w, Poraj i okolice<\/h3><p data-start=\"480\" data-end=\"730\">Nowoczesne, energooszcz\u0119dne ogrzewanie domu bez paliwa sta\u0142ego i bezobs\u0142ugowej kot\u0142owni.<br data-start=\"568\" data-end=\"571\" \/>KTI Technika Grzewcza wykonuje profesjonalny monta\u017c i serwis pomp ciep\u0142a na terenie Cz\u0119stochowy, Myszkowa, Poraja, Poczesnej, Kozieg\u0142\u00f3w i Olsztyna Jurajskiego.<\/p><p data-start=\"732\" data-end=\"851\">Pracujemy g\u0142\u00f3wnie na urz\u0105dzeniach marki <span class=\"hover:entity-accent entity-underline inline cursor-pointer align-baseline\"><span class=\"whitespace-normal\">Daikin<\/span><\/span> \u2013 sprawdzonych, wydajnych i niezawodnych.<\/p>\t\t\t\t\t\t<\/div>\n\t\t\t\t<\/div>\n\t\t\t\t\t<\/div>\n\t\t<\/div>\n\t\t\t\t\t<\/div>\n\t\t<\/section>\n\t\t\t\t<section class=\"elementor-section elementor-inner-section elementor-element elementor-element-f71a2a3 elementor-section-boxed elementor-section-height-default elementor-section-height-default\" data-id=\"f71a2a3\" data-element_type=\"section\">\n\t\t\t\t\t\t<div class=\"elementor-container elementor-column-gap-default\">\n\t\t\t\t\t<div class=\"elementor-column elementor-col-50 elementor-inner-column elementor-element elementor-element-44cf579\" data-id=\"44cf579\" data-element_type=\"column\">\n\t\t\t<div class=\"elementor-widget-wrap elementor-element-populated\">\n\t\t\t\t\t\t<div class=\"elementor-element elementor-element-ea482cb elementor-invisible elementor-widget elementor-widget-text-editor\" data-id=\"ea482cb\" data-element_type=\"widget\" data-settings=\"{&quot;_animation&quot;:&quot;fadeInLeft&quot;}\" data-widget_type=\"text-editor.default\">\n\t\t\t\t<div class=\"elementor-widget-container\">\n\t\t\t\t\t\t\t<h3 data-start=\"858\" data-end=\"897\">Dlaczego warto wybra\u0107 pomp\u0119 ciep\u0142a?<\/h3><ul data-start=\"899\" data-end=\"1057\"><li data-start=\"899\" data-end=\"925\"><p data-start=\"901\" data-end=\"925\">Niskie koszty ogrzewania<\/p><\/li><li data-start=\"926\" data-end=\"946\"><p data-start=\"928\" data-end=\"946\">Bezobs\u0142ugowa praca<\/p><\/li><li data-start=\"947\" data-end=\"974\"><p data-start=\"949\" data-end=\"974\">Ekologiczne \u017ar\u00f3d\u0142o ciep\u0142a<\/p><\/li><li data-start=\"975\" data-end=\"1020\"><p data-start=\"977\" data-end=\"1020\">Idealna wsp\u00f3\u0142praca z ogrzewaniem pod\u0142ogowym<\/p><\/li><li data-start=\"1021\" data-end=\"1057\"><p data-start=\"1023\" data-end=\"1057\">Mo\u017cliwo\u015b\u0107 uzyskania dofinansowania<\/p><\/li><\/ul>\t\t\t\t\t\t<\/div>\n\t\t\t\t<\/div>\n\t\t\t\t\t<\/div>\n\t\t<\/div>\n\t\t\t\t<div class=\"elementor-column elementor-col-50 elementor-inner-column elementor-element elementor-element-70d3ebb\" data-id=\"70d3ebb\" data-element_type=\"column\">\n\t\t\t<div class=\"elementor-widget-wrap elementor-element-populated\">\n\t\t\t\t\t\t<div class=\"elementor-element elementor-element-43562fb elementor-invisible elementor-widget elementor-widget-image\" data-id=\"43562fb\" data-element_type=\"widget\" data-settings=\"{&quot;_animation&quot;:&quot;fadeInRight&quot;}\" data-widget_type=\"image.default\">\n\t\t\t\t<div class=\"elementor-widget-container\">\n\t\t\t\t\t\t\t\t\t\t\t\t\t<img decoding=\"async\" width=\"580\" height=\"736\" src=\"https:\/\/ktitechnikagrzewcza.com\/wp-content\/uploads\/2026\/02\/Na-strone-768x974.jpg\" class=\"attachment-medium_large size-medium_large wp-image-885\" alt=\"\" srcset=\"https:\/\/ktitechnikagrzewcza.com\/wp-content\/uploads\/2026\/02\/Na-strone-768x974.jpg 768w, https:\/\/ktitechnikagrzewcza.com\/wp-content\/uploads\/2026\/02\/Na-strone-236x300.jpg 236w, https:\/\/ktitechnikagrzewcza.com\/wp-content\/uploads\/2026\/02\/Na-strone-807x1024.jpg 807w, https:\/\/ktitechnikagrzewcza.com\/wp-content\/uploads\/2026\/02\/Na-strone-1211x1536.jpg 1211w, https:\/\/ktitechnikagrzewcza.com\/wp-content\/uploads\/2026\/02\/Na-strone-1614x2048.jpg 1614w, https:\/\/ktitechnikagrzewcza.com\/wp-content\/uploads\/2026\/02\/Na-strone-1200x1523.jpg 1200w, https:\/\/ktitechnikagrzewcza.com\/wp-content\/uploads\/2026\/02\/Na-strone-1980x2512.jpg 1980w, https:\/\/ktitechnikagrzewcza.com\/wp-content\/uploads\/2026\/02\/Na-strone-scaled.jpg 2018w\" sizes=\"(max-width: 580px) 100vw, 580px\" \/>\t\t\t\t\t\t\t\t\t\t\t\t\t<\/div>\n\t\t\t\t<\/div>\n\t\t\t\t\t<\/div>\n\t\t<\/div>\n\t\t\t\t\t<\/div>\n\t\t<\/section>\n\t\t\t\t<section class=\"elementor-section elementor-inner-section elementor-element elementor-element-cdf679c elementor-section-boxed elementor-section-height-default elementor-section-height-default\" data-id=\"cdf679c\" data-element_type=\"section\">\n\t\t\t\t\t\t<div class=\"elementor-container elementor-column-gap-default\">\n\t\t\t\t\t<div class=\"elementor-column elementor-col-50 elementor-inner-column elementor-element elementor-element-3022256\" data-id=\"3022256\" data-element_type=\"column\">\n\t\t\t<div class=\"elementor-widget-wrap elementor-element-populated\">\n\t\t\t\t\t\t<div class=\"elementor-element elementor-element-96f24ad elementor-invisible elementor-widget elementor-widget-image\" data-id=\"96f24ad\" data-element_type=\"widget\" data-settings=\"{&quot;_animation&quot;:&quot;fadeInLeft&quot;}\" data-widget_type=\"image.default\">\n\t\t\t\t<div class=\"elementor-widget-container\">\n\t\t\t\t\t\t\t\t\t\t\t\t\t<img decoding=\"async\" width=\"580\" height=\"773\" src=\"https:\/\/ktitechnikagrzewcza.com\/wp-content\/uploads\/2026\/02\/20250725_184045-768x1024.jpg\" class=\"attachment-medium_large size-medium_large wp-image-880\" alt=\"\" srcset=\"https:\/\/ktitechnikagrzewcza.com\/wp-content\/uploads\/2026\/02\/20250725_184045-768x1024.jpg 768w, https:\/\/ktitechnikagrzewcza.com\/wp-content\/uploads\/2026\/02\/20250725_184045-225x300.jpg 225w, https:\/\/ktitechnikagrzewcza.com\/wp-content\/uploads\/2026\/02\/20250725_184045-1152x1536.jpg 1152w, https:\/\/ktitechnikagrzewcza.com\/wp-content\/uploads\/2026\/02\/20250725_184045-1536x2048.jpg 1536w, https:\/\/ktitechnikagrzewcza.com\/wp-content\/uploads\/2026\/02\/20250725_184045-1200x1600.jpg 1200w, https:\/\/ktitechnikagrzewcza.com\/wp-content\/uploads\/2026\/02\/20250725_184045-1980x2640.jpg 1980w, https:\/\/ktitechnikagrzewcza.com\/wp-content\/uploads\/2026\/02\/20250725_184045-scaled.jpg 1920w\" sizes=\"(max-width: 580px) 100vw, 580px\" \/>\t\t\t\t\t\t\t\t\t\t\t\t\t<\/div>\n\t\t\t\t<\/div>\n\t\t\t\t\t<\/div>\n\t\t<\/div>\n\t\t\t\t<div class=\"elementor-column elementor-col-50 elementor-inner-column elementor-element elementor-element-60703f8\" data-id=\"60703f8\" data-element_type=\"column\">\n\t\t\t<div class=\"elementor-widget-wrap elementor-element-populated\">\n\t\t\t\t\t\t<div class=\"elementor-element elementor-element-b86a229 elementor-invisible elementor-widget elementor-widget-text-editor\" data-id=\"b86a229\" data-element_type=\"widget\" data-settings=\"{&quot;_animation&quot;:&quot;fadeInRight&quot;}\" data-widget_type=\"text-editor.default\">\n\t\t\t\t<div class=\"elementor-widget-container\">\n\t\t\t\t\t\t\t<h3 data-start=\"1064\" data-end=\"1082\">Jak pracujemy?<\/h3><ol data-start=\"1084\" data-end=\"1245\"><li data-start=\"1084\" data-end=\"1118\"><p data-start=\"1087\" data-end=\"1118\">Konsultacja i analiza budynku<\/p><\/li><li data-start=\"1119\" data-end=\"1154\"><p data-start=\"1122\" data-end=\"1154\">Dob\u00f3r odpowiedniego urz\u0105dzenia<\/p><\/li><li data-start=\"1155\" data-end=\"1180\"><p data-start=\"1158\" data-end=\"1180\">Profesjonalny monta\u017c<\/p><\/li><li data-start=\"1181\" data-end=\"1213\"><p data-start=\"1184\" data-end=\"1213\">Uruchomienie i konfiguracja<\/p><\/li><li data-start=\"1214\" data-end=\"1245\"><p data-start=\"1217\" data-end=\"1245\">Serwis i opieka po monta\u017cu<\/p><\/li><\/ol><p data-start=\"1247\" data-end=\"1320\">Nie tylko montujemy \u2013 zapewniamy r\u00f3wnie\u017c przegl\u0105dy i wsparcie techniczne.<\/p>\t\t\t\t\t\t<\/div>\n\t\t\t\t<\/div>\n\t\t\t\t\t<\/div>\n\t\t<\/div>\n\t\t\t\t\t<\/div>\n\t\t<\/section>\n\t\t\t\t<section class=\"elementor-section elementor-inner-section elementor-element elementor-element-b5ae5cd elementor-section-boxed elementor-section-height-default elementor-section-height-default\" data-id=\"b5ae5cd\" data-element_type=\"section\">\n\t\t\t\t\t\t<div class=\"elementor-container elementor-column-gap-default\">\n\t\t\t\t\t<div class=\"elementor-column elementor-col-100 elementor-inner-column elementor-element elementor-element-c97df9c\" data-id=\"c97df9c\" data-element_type=\"column\">\n\t\t\t<div class=\"elementor-widget-wrap elementor-element-populated\">\n\t\t\t\t\t\t<div class=\"elementor-element elementor-element-cfe9672 elementor-widget elementor-widget-heading\" data-id=\"cfe9672\" data-element_type=\"widget\" data-widget_type=\"heading.default\">\n\t\t\t\t<div class=\"elementor-widget-container\">\n\t\t\t<h2 class=\"elementor-heading-title elementor-size-default\">FAQ<\/h2>\t\t<\/div>\n\t\t\t\t<\/div>\n\t\t\t\t<div class=\"elementor-element elementor-element-86ba77a elementor-widget elementor-widget-text-editor\" data-id=\"86ba77a\" data-element_type=\"widget\" data-widget_type=\"text-editor.default\">\n\t\t\t\t<div class=\"elementor-widget-container\">\n\t\t\t\t\t\t\t<p data-start=\"1564\" data-end=\"1631\"><span style=\"color: #ffffff;\"><strong data-start=\"1564\" data-end=\"1584\">Ile trwa monta\u017c?<\/strong><\/span><br data-start=\"1584\" data-end=\"1587\" \/><span style=\"color: #ffffff;\">Zwykle 2\u20134 dni w zale\u017cno\u015bci od zakresu prac.<\/span><\/p><p data-start=\"1564\" data-end=\"1631\"><span style=\"color: #ffffff;\"><b>Z jakimi markami wsp\u00f3\u0142pracujecie?<\/b><\/span><\/p><p data-start=\"1564\" data-end=\"1631\"><span style=\"color: #ffffff;\">Wsp\u00f3\u0142pracujemy markami: Daikin, Panasonic, York<\/span><\/p><p data-start=\"1633\" data-end=\"1705\"><span style=\"color: #ffffff;\"><strong data-start=\"1633\" data-end=\"1668\">Czy pomagacie w dofinansowaniu?<\/strong><\/span><br data-start=\"1668\" data-end=\"1671\" \/><span style=\"color: #ffffff;\">Tak, doradzamy w wyborze programu.<\/span><\/p><p data-start=\"1707\" data-end=\"1809\"><span style=\"color: #ffffff;\"><strong data-start=\"1707\" data-end=\"1739\">Czy serwisujecie urz\u0105dzenia?<\/strong><\/span><br data-start=\"1739\" data-end=\"1742\" \/><span style=\"color: #ffffff;\">Tak \u2013 wykonujemy przegl\u0105dy i serwis gwarancyjny oraz pogwarancyjny.<\/span><\/p>\t\t\t\t\t\t<\/div>\n\t\t\t\t<\/div>\n\t\t\t\t\t<\/div>\n\t\t<\/div>\n\t\t\t\t\t<\/div>\n\t\t<\/section>\n\t\t\t\t\t<\/div>\n\t\t<\/div>\n\t\t\t\t\t<\/div>\n\t\t<\/section>\n\t\t\t\t<\/div>\n\t\t","protected":false},"excerpt":{"rendered":"<p>Pompy ciep\u0142a \u00a0 Pompy ciep\u0142a \u2013 monta\u017c i serwis | Cz\u0119stochowa, Myszk\u00f3w, Poraj i okolice Nowoczesne, energooszcz\u0119dne ogrzewanie domu bez paliwa sta\u0142ego i bezobs\u0142ugowej kot\u0142owni.KTI Technika Grzewcza wykonuje profesjonalny monta\u017c i serwis pomp ciep\u0142a na terenie Cz\u0119stochowy, Myszkowa, Poraja, Poczesnej, Kozieg\u0142\u00f3w i Olsztyna Jurajskiego. Pracujemy g\u0142\u00f3wnie na urz\u0105dzeniach marki Daikin \u2013 sprawdzonych, wydajnych i niezawodnych. [&hellip;]<\/p>\n","protected":false},"author":1,"featured_media":0,"parent":0,"menu_order":0,"comment_status":"closed","ping_status":"closed","template":"elementor_header_footer","meta":{"footnotes":""},"class_list":["post-721","page","type-page","status-publish","hentry"],"yoast_head":"<!-- This site is optimized with the Yoast SEO Premium plugin v19.2 (Yoast SEO v23.4) - https:\/\/yoast.com\/wordpress\/plugins\/seo\/ -->\n<title>Pompy ciep\u0142a - KTI<\/title>\n<meta name=\"robots\" content=\"index, follow, max-snippet:-1, max-image-preview:large, max-video-preview:-1\" \/>\n<link rel=\"canonical\" href=\"https:\/\/ktitechnikagrzewcza.com\/?page_id=721\" \/>\n<meta property=\"og:locale\" content=\"pl_PL\" \/>\n<meta property=\"og:type\" content=\"article\" \/>\n<meta property=\"og:title\" content=\"Pompy ciep\u0142a\" \/>\n<meta property=\"og:description\" content=\"Pompy ciep\u0142a \u00a0 Pompy ciep\u0142a \u2013 monta\u017c i serwis | Cz\u0119stochowa, Myszk\u00f3w, Poraj i okolice Nowoczesne, energooszcz\u0119dne ogrzewanie domu bez paliwa sta\u0142ego i bezobs\u0142ugowej kot\u0142owni.KTI Technika Grzewcza wykonuje profesjonalny monta\u017c i serwis pomp ciep\u0142a na terenie Cz\u0119stochowy, Myszkowa, Poraja, Poczesnej, Kozieg\u0142\u00f3w i Olsztyna Jurajskiego. Pracujemy g\u0142\u00f3wnie na urz\u0105dzeniach marki Daikin \u2013 sprawdzonych, wydajnych i niezawodnych. [&hellip;]\" \/>\n<meta property=\"og:url\" content=\"https:\/\/ktitechnikagrzewcza.com\/?page_id=721\" \/>\n<meta property=\"og:site_name\" content=\"KTI\" \/>\n<meta property=\"article:publisher\" content=\"http:\/\/www.facebook.com\/KTITechnikaGrzewcza\" \/>\n<meta property=\"article:modified_time\" content=\"2026-02-23T17:26:04+00:00\" \/>\n<meta property=\"og:image\" content=\"https:\/\/ktitechnikagrzewcza.com\/wp-content\/uploads\/2026\/02\/Na-strone-2-768x769.jpg\" \/>\n<meta name=\"twitter:card\" content=\"summary_large_image\" \/>\n<meta name=\"twitter:label1\" content=\"Szacowany czas czytania\" \/>\n\t<meta name=\"twitter:data1\" content=\"2 minuty\" \/>\n<script type=\"application\/ld+json\" class=\"yoast-schema-graph\">{\"@context\":\"https:\/\/schema.org\",\"@graph\":[{\"@type\":\"WebPage\",\"@id\":\"https:\/\/ktitechnikagrzewcza.com\/?page_id=721\",\"url\":\"https:\/\/ktitechnikagrzewcza.com\/?page_id=721\",\"name\":\"Pompy ciep\u0142a - KTI\",\"isPartOf\":{\"@id\":\"https:\/\/ktitechnikagrzewcza.com\/#website\"},\"primaryImageOfPage\":{\"@id\":\"https:\/\/ktitechnikagrzewcza.com\/?page_id=721#primaryimage\"},\"image\":{\"@id\":\"https:\/\/ktitechnikagrzewcza.com\/?page_id=721#primaryimage\"},\"thumbnailUrl\":\"https:\/\/ktitechnikagrzewcza.com\/wp-content\/uploads\/2026\/02\/Na-strone-2-768x769.jpg\",\"datePublished\":\"2023-05-07T08:52:24+00:00\",\"dateModified\":\"2026-02-23T17:26:04+00:00\",\"breadcrumb\":{\"@id\":\"https:\/\/ktitechnikagrzewcza.com\/?page_id=721#breadcrumb\"},\"inLanguage\":\"pl-PL\",\"potentialAction\":[{\"@type\":\"ReadAction\",\"target\":[\"https:\/\/ktitechnikagrzewcza.com\/?page_id=721\"]}]},{\"@type\":\"ImageObject\",\"inLanguage\":\"pl-PL\",\"@id\":\"https:\/\/ktitechnikagrzewcza.com\/?page_id=721#primaryimage\",\"url\":\"https:\/\/ktitechnikagrzewcza.com\/wp-content\/uploads\/2026\/02\/Na-strone-2-scaled.jpg\",\"contentUrl\":\"https:\/\/ktitechnikagrzewcza.com\/wp-content\/uploads\/2026\/02\/Na-strone-2-scaled.jpg\",\"width\":2557,\"height\":2560},{\"@type\":\"BreadcrumbList\",\"@id\":\"https:\/\/ktitechnikagrzewcza.com\/?page_id=721#breadcrumb\",\"itemListElement\":[{\"@type\":\"ListItem\",\"position\":1,\"name\":\"Strona g\u0142\u00f3wna\",\"item\":\"https:\/\/ktitechnikagrzewcza.com\/\"},{\"@type\":\"ListItem\",\"position\":2,\"name\":\"Pompy ciep\u0142a\"}]},{\"@type\":\"WebSite\",\"@id\":\"https:\/\/ktitechnikagrzewcza.com\/#website\",\"url\":\"https:\/\/ktitechnikagrzewcza.com\/\",\"name\":\"KTI\",\"description\":\"Technika Grzewcza\",\"publisher\":{\"@id\":\"https:\/\/ktitechnikagrzewcza.com\/#organization\"},\"potentialAction\":[{\"@type\":\"SearchAction\",\"target\":{\"@type\":\"EntryPoint\",\"urlTemplate\":\"https:\/\/ktitechnikagrzewcza.com\/?s={search_term_string}\"},\"query-input\":{\"@type\":\"PropertyValueSpecification\",\"valueRequired\":true,\"valueName\":\"search_term_string\"}}],\"inLanguage\":\"pl-PL\"},{\"@type\":\"Organization\",\"@id\":\"https:\/\/ktitechnikagrzewcza.com\/#organization\",\"name\":\"KTI Technika Grzewcza\",\"url\":\"https:\/\/ktitechnikagrzewcza.com\/\",\"logo\":{\"@type\":\"ImageObject\",\"inLanguage\":\"pl-PL\",\"@id\":\"https:\/\/ktitechnikagrzewcza.com\/#\/schema\/logo\/image\/\",\"url\":\"https:\/\/ktitechnikagrzewcza.com\/wp-content\/uploads\/2022\/10\/logo1.jpg\",\"contentUrl\":\"https:\/\/ktitechnikagrzewcza.com\/wp-content\/uploads\/2022\/10\/logo1.jpg\",\"width\":1896,\"height\":800,\"caption\":\"KTI Technika Grzewcza\"},\"image\":{\"@id\":\"https:\/\/ktitechnikagrzewcza.com\/#\/schema\/logo\/image\/\"},\"sameAs\":[\"http:\/\/www.facebook.com\/KTITechnikaGrzewcza\"]}]}<\/script>\n<!-- \/ Yoast SEO Premium plugin. -->","yoast_head_json":{"title":"Pompy ciep\u0142a - KTI","robots":{"index":"index","follow":"follow","max-snippet":"max-snippet:-1","max-image-preview":"max-image-preview:large","max-video-preview":"max-video-preview:-1"},"canonical":"https:\/\/ktitechnikagrzewcza.com\/?page_id=721","og_locale":"pl_PL","og_type":"article","og_title":"Pompy ciep\u0142a","og_description":"Pompy ciep\u0142a \u00a0 Pompy ciep\u0142a \u2013 monta\u017c i serwis | Cz\u0119stochowa, Myszk\u00f3w, Poraj i okolice Nowoczesne, energooszcz\u0119dne ogrzewanie domu bez paliwa sta\u0142ego i bezobs\u0142ugowej kot\u0142owni.KTI Technika Grzewcza wykonuje profesjonalny monta\u017c i serwis pomp ciep\u0142a na terenie Cz\u0119stochowy, Myszkowa, Poraja, Poczesnej, Kozieg\u0142\u00f3w i Olsztyna Jurajskiego. Pracujemy g\u0142\u00f3wnie na urz\u0105dzeniach marki Daikin \u2013 sprawdzonych, wydajnych i niezawodnych. [&hellip;]","og_url":"https:\/\/ktitechnikagrzewcza.com\/?page_id=721","og_site_name":"KTI","article_publisher":"http:\/\/www.facebook.com\/KTITechnikaGrzewcza","article_modified_time":"2026-02-23T17:26:04+00:00","og_image":[{"url":"https:\/\/ktitechnikagrzewcza.com\/wp-content\/uploads\/2026\/02\/Na-strone-2-768x769.jpg"}],"twitter_card":"summary_large_image","twitter_misc":{"Szacowany czas czytania":"2 minuty"},"schema":{"@context":"https:\/\/schema.org","@graph":[{"@type":"WebPage","@id":"https:\/\/ktitechnikagrzewcza.com\/?page_id=721","url":"https:\/\/ktitechnikagrzewcza.com\/?page_id=721","name":"Pompy ciep\u0142a - KTI","isPartOf":{"@id":"https:\/\/ktitechnikagrzewcza.com\/#website"},"primaryImageOfPage":{"@id":"https:\/\/ktitechnikagrzewcza.com\/?page_id=721#primaryimage"},"image":{"@id":"https:\/\/ktitechnikagrzewcza.com\/?page_id=721#primaryimage"},"thumbnailUrl":"https:\/\/ktitechnikagrzewcza.com\/wp-content\/uploads\/2026\/02\/Na-strone-2-768x769.jpg","datePublished":"2023-05-07T08:52:24+00:00","dateModified":"2026-02-23T17:26:04+00:00","breadcrumb":{"@id":"https:\/\/ktitechnikagrzewcza.com\/?page_id=721#breadcrumb"},"inLanguage":"pl-PL","potentialAction":[{"@type":"ReadAction","target":["https:\/\/ktitechnikagrzewcza.com\/?page_id=721"]}]},{"@type":"ImageObject","inLanguage":"pl-PL","@id":"https:\/\/ktitechnikagrzewcza.com\/?page_id=721#primaryimage","url":"https:\/\/ktitechnikagrzewcza.com\/wp-content\/uploads\/2026\/02\/Na-strone-2-scaled.jpg","contentUrl":"https:\/\/ktitechnikagrzewcza.com\/wp-content\/uploads\/2026\/02\/Na-strone-2-scaled.jpg","width":2557,"height":2560},{"@type":"BreadcrumbList","@id":"https:\/\/ktitechnikagrzewcza.com\/?page_id=721#breadcrumb","itemListElement":[{"@type":"ListItem","position":1,"name":"Strona g\u0142\u00f3wna","item":"https:\/\/ktitechnikagrzewcza.com\/"},{"@type":"ListItem","position":2,"name":"Pompy ciep\u0142a"}]},{"@type":"WebSite","@id":"https:\/\/ktitechnikagrzewcza.com\/#website","url":"https:\/\/ktitechnikagrzewcza.com\/","name":"KTI","description":"Technika Grzewcza","publisher":{"@id":"https:\/\/ktitechnikagrzewcza.com\/#organization"},"potentialAction":[{"@type":"SearchAction","target":{"@type":"EntryPoint","urlTemplate":"https:\/\/ktitechnikagrzewcza.com\/?s={search_term_string}"},"query-input":{"@type":"PropertyValueSpecification","valueRequired":true,"valueName":"search_term_string"}}],"inLanguage":"pl-PL"},{"@type":"Organization","@id":"https:\/\/ktitechnikagrzewcza.com\/#organization","name":"KTI Technika Grzewcza","url":"https:\/\/ktitechnikagrzewcza.com\/","logo":{"@type":"ImageObject","inLanguage":"pl-PL","@id":"https:\/\/ktitechnikagrzewcza.com\/#\/schema\/logo\/image\/","url":"https:\/\/ktitechnikagrzewcza.com\/wp-content\/uploads\/2022\/10\/logo1.jpg","contentUrl":"https:\/\/ktitechnikagrzewcza.com\/wp-content\/uploads\/2022\/10\/logo1.jpg","width":1896,"height":800,"caption":"KTI Technika Grzewcza"},"image":{"@id":"https:\/\/ktitechnikagrzewcza.com\/#\/schema\/logo\/image\/"},"sameAs":["http:\/\/www.facebook.com\/KTITechnikaGrzewcza"]}]}},"_links":{"self":[{"href":"https:\/\/ktitechnikagrzewcza.com\/index.php?rest_route=\/wp\/v2\/pages\/721","targetHints":{"allow":["GET"]}}],"collection":[{"href":"https:\/\/ktitechnikagrzewcza.com\/index.php?rest_route=\/wp\/v2\/pages"}],"about":[{"href":"https:\/\/ktitechnikagrzewcza.com\/index.php?rest_route=\/wp\/v2\/types\/page"}],"author":[{"embeddable":true,"href":"https:\/\/ktitechnikagrzewcza.com\/index.php?rest_route=\/wp\/v2\/users\/1"}],"replies":[{"embeddable":true,"href":"https:\/\/ktitechnikagrzewcza.com\/index.php?rest_route=%2Fwp%2Fv2%2Fcomments&post=721"}],"version-history":[{"count":7,"href":"https:\/\/ktitechnikagrzewcza.com\/index.php?rest_route=\/wp\/v2\/pages\/721\/revisions"}],"predecessor-version":[{"id":889,"href":"https:\/\/ktitechnikagrzewcza.com\/index.php?rest_route=\/wp\/v2\/pages\/721\/revisions\/889"}],"wp:attachment":[{"href":"https:\/\/ktitechnikagrzewcza.com\/index.php?rest_route=%2Fwp%2Fv2%2Fmedia&parent=721"}],"curies":[{"name":"wp","href":"https:\/\/api.w.org\/{rel}","templated":true}]}}