{"id":713,"date":"2023-05-07T10:43:44","date_gmt":"2023-05-07T08:43:44","guid":{"rendered":"https:\/\/ktitechnikagrzewcza.com\/?page_id=713"},"modified":"2026-02-23T21:26:51","modified_gmt":"2026-02-23T20:26:51","slug":"kondensacyjne-kotly-gazowe","status":"publish","type":"page","link":"https:\/\/ktitechnikagrzewcza.com\/?page_id=713","title":{"rendered":"Kondensacyjne kot\u0142y gazowe"},"content":{"rendered":"\t\t<div data-elementor-type=\"wp-page\" data-elementor-id=\"713\" class=\"elementor elementor-713\">\n\t\t\t\t\t\t<section class=\"elementor-section elementor-top-section elementor-element elementor-element-9438350 elementor-section-content-middle elementor-section-boxed elementor-section-height-default elementor-section-height-default\" data-id=\"9438350\" data-element_type=\"section\" data-settings=\"{&quot;background_background&quot;:&quot;classic&quot;,&quot;shape_divider_top&quot;:&quot;mountains&quot;,&quot;shape_divider_bottom&quot;:&quot;mountains&quot;}\">\n\t\t\t\t\t\t\t<div class=\"elementor-background-overlay\"><\/div>\n\t\t\t\t\t\t<div class=\"elementor-shape elementor-shape-top\" data-negative=\"false\">\n\t\t\t<svg xmlns=\"http:\/\/www.w3.org\/2000\/svg\" viewBox=\"0 0 1000 100\" preserveAspectRatio=\"none\">\n\t<path class=\"elementor-shape-fill\" opacity=\"0.33\" d=\"M473,67.3c-203.9,88.3-263.1-34-320.3,0C66,119.1,0,59.7,0,59.7V0h1000v59.7 c0,0-62.1,26.1-94.9,29.3c-32.8,3.3-62.8-12.3-75.8-22.1C806,49.6,745.3,8.7,694.9,4.7S492.4,59,473,67.3z\"\/>\n\t<path class=\"elementor-shape-fill\" opacity=\"0.66\" d=\"M734,67.3c-45.5,0-77.2-23.2-129.1-39.1c-28.6-8.7-150.3-10.1-254,39.1 s-91.7-34.4-149.2,0C115.7,118.3,0,39.8,0,39.8V0h1000v36.5c0,0-28.2-18.5-92.1-18.5C810.2,18.1,775.7,67.3,734,67.3z\"\/>\n\t<path class=\"elementor-shape-fill\" d=\"M766.1,28.9c-200-57.5-266,65.5-395.1,19.5C242,1.8,242,5.4,184.8,20.6C128,35.8,132.3,44.9,89.9,52.5C28.6,63.7,0,0,0,0 h1000c0,0-9.9,40.9-83.6,48.1S829.6,47,766.1,28.9z\"\/>\n<\/svg>\t\t<\/div>\n\t\t\t\t<div class=\"elementor-shape elementor-shape-bottom\" data-negative=\"false\">\n\t\t\t<svg xmlns=\"http:\/\/www.w3.org\/2000\/svg\" viewBox=\"0 0 1000 100\" preserveAspectRatio=\"none\">\n\t<path class=\"elementor-shape-fill\" opacity=\"0.33\" d=\"M473,67.3c-203.9,88.3-263.1-34-320.3,0C66,119.1,0,59.7,0,59.7V0h1000v59.7 c0,0-62.1,26.1-94.9,29.3c-32.8,3.3-62.8-12.3-75.8-22.1C806,49.6,745.3,8.7,694.9,4.7S492.4,59,473,67.3z\"\/>\n\t<path class=\"elementor-shape-fill\" opacity=\"0.66\" d=\"M734,67.3c-45.5,0-77.2-23.2-129.1-39.1c-28.6-8.7-150.3-10.1-254,39.1 s-91.7-34.4-149.2,0C115.7,118.3,0,39.8,0,39.8V0h1000v36.5c0,0-28.2-18.5-92.1-18.5C810.2,18.1,775.7,67.3,734,67.3z\"\/>\n\t<path class=\"elementor-shape-fill\" d=\"M766.1,28.9c-200-57.5-266,65.5-395.1,19.5C242,1.8,242,5.4,184.8,20.6C128,35.8,132.3,44.9,89.9,52.5C28.6,63.7,0,0,0,0 h1000c0,0-9.9,40.9-83.6,48.1S829.6,47,766.1,28.9z\"\/>\n<\/svg>\t\t<\/div>\n\t\t\t\t\t<div class=\"elementor-container elementor-column-gap-no\">\n\t\t\t\t\t<div class=\"elementor-column elementor-col-100 elementor-top-column elementor-element elementor-element-68159f7\" data-id=\"68159f7\" data-element_type=\"column\" data-settings=\"{&quot;background_background&quot;:&quot;classic&quot;}\">\n\t\t\t<div class=\"elementor-widget-wrap elementor-element-populated\">\n\t\t\t\t\t\t<div class=\"elementor-element elementor-element-ea4e622 envato-kit-138-bracket elementor-invisible elementor-widget elementor-widget-heading\" data-id=\"ea4e622\" data-element_type=\"widget\" data-settings=\"{&quot;_animation&quot;:&quot;fadeInLeft&quot;}\" data-widget_type=\"heading.default\">\n\t\t\t\t<div class=\"elementor-widget-container\">\n\t\t\t<h3 class=\"elementor-heading-title elementor-size-default\">kot\u0142y gazowe<\/h3>\t\t<\/div>\n\t\t\t\t<\/div>\n\t\t\t\t<div class=\"elementor-element elementor-element-73e783e elementor-widget elementor-widget-text-editor\" data-id=\"73e783e\" data-element_type=\"widget\" data-widget_type=\"text-editor.default\">\n\t\t\t\t<div class=\"elementor-widget-container\">\n\t\t\t\t\t\t\t<p style=\"text-align: center;\">Jeste\u015bmy firm\u0105 specjalizuj\u0105c\u0105 si\u0119 w us\u0142ugach monta\u017cu kot\u0142\u00f3w gazowych.<\/p>\t\t\t\t\t\t<\/div>\n\t\t\t\t<\/div>\n\t\t\t\t<section class=\"elementor-section elementor-inner-section elementor-element elementor-element-2fb2d56 elementor-section-boxed elementor-section-height-default elementor-section-height-default\" data-id=\"2fb2d56\" data-element_type=\"section\">\n\t\t\t\t\t\t<div class=\"elementor-container elementor-column-gap-default\">\n\t\t\t\t\t<div class=\"elementor-column elementor-col-50 elementor-inner-column elementor-element elementor-element-7e6d0e4\" data-id=\"7e6d0e4\" data-element_type=\"column\">\n\t\t\t<div class=\"elementor-widget-wrap elementor-element-populated\">\n\t\t\t\t\t\t<div class=\"elementor-element elementor-element-1df8ea9 elementor-invisible elementor-widget elementor-widget-image\" data-id=\"1df8ea9\" data-element_type=\"widget\" data-settings=\"{&quot;_animation&quot;:&quot;fadeInLeft&quot;}\" data-widget_type=\"image.default\">\n\t\t\t\t<div class=\"elementor-widget-container\">\n\t\t\t\t\t\t\t\t\t\t\t\t\t<img fetchpriority=\"high\" decoding=\"async\" width=\"580\" height=\"773\" src=\"https:\/\/ktitechnikagrzewcza.com\/wp-content\/uploads\/2026\/02\/20241115_150715-768x1024.jpg\" class=\"attachment-large size-large wp-image-894\" alt=\"\" srcset=\"https:\/\/ktitechnikagrzewcza.com\/wp-content\/uploads\/2026\/02\/20241115_150715-768x1024.jpg 768w, https:\/\/ktitechnikagrzewcza.com\/wp-content\/uploads\/2026\/02\/20241115_150715-225x300.jpg 225w, https:\/\/ktitechnikagrzewcza.com\/wp-content\/uploads\/2026\/02\/20241115_150715-1152x1536.jpg 1152w, https:\/\/ktitechnikagrzewcza.com\/wp-content\/uploads\/2026\/02\/20241115_150715-1536x2048.jpg 1536w, https:\/\/ktitechnikagrzewcza.com\/wp-content\/uploads\/2026\/02\/20241115_150715-1200x1600.jpg 1200w, https:\/\/ktitechnikagrzewcza.com\/wp-content\/uploads\/2026\/02\/20241115_150715-1980x2640.jpg 1980w, https:\/\/ktitechnikagrzewcza.com\/wp-content\/uploads\/2026\/02\/20241115_150715-scaled.jpg 1920w\" sizes=\"(max-width: 580px) 100vw, 580px\" \/>\t\t\t\t\t\t\t\t\t\t\t\t\t<\/div>\n\t\t\t\t<\/div>\n\t\t\t\t\t<\/div>\n\t\t<\/div>\n\t\t\t\t<div class=\"elementor-column elementor-col-50 elementor-inner-column elementor-element elementor-element-a28ba38\" data-id=\"a28ba38\" data-element_type=\"column\">\n\t\t\t<div class=\"elementor-widget-wrap elementor-element-populated\">\n\t\t\t\t\t\t<div class=\"elementor-element elementor-element-406d2ff elementor-invisible elementor-widget elementor-widget-text-editor\" data-id=\"406d2ff\" data-element_type=\"widget\" data-settings=\"{&quot;_animation&quot;:&quot;fadeInRight&quot;}\" data-widget_type=\"text-editor.default\">\n\t\t\t\t<div class=\"elementor-widget-container\">\n\t\t\t\t\t\t\t<h3 data-start=\"297\" data-end=\"378\">Kot\u0142y gazowe \u2013 monta\u017c, wymiana i serwis | Cz\u0119stochowa, Myszk\u00f3w, Poraj i okolice<\/h3>\n<p data-start=\"380\" data-end=\"645\">Nowoczesny kocio\u0142 gazowy to wygodne, bezobs\u0142ugowe i stabilne \u017ar\u00f3d\u0142o ogrzewania domu.<br data-start=\"464\" data-end=\"467\">KTI Technika Grzewcza wykonuje profesjonalny monta\u017c, wymian\u0119 oraz serwis kot\u0142\u00f3w gazowych na terenie Cz\u0119stochowy, Myszkowa, Poraja, Poczesnej, Kozieg\u0142\u00f3w oraz Olsztyna.<\/p>\n<p data-start=\"647\" data-end=\"819\">Pracujemy m.in. na urz\u0105dzeniach marki <span class=\"hover:entity-accent entity-underline inline cursor-pointer align-baseline\"><span class=\"whitespace-normal\">SAS, Vaillant, De Dietrich<\/span><\/span> oraz innych renomowanych producent\u00f3w, dobieraj\u0105c rozwi\u0105zanie dopasowane do budynku i instalacji.<\/p><p data-start=\"647\" data-end=\"819\"><br><\/p><p data-start=\"647\" data-end=\"819\"><br><\/p>\t\t\t\t\t\t<\/div>\n\t\t\t\t<\/div>\n\t\t\t\t\t<\/div>\n\t\t<\/div>\n\t\t\t\t\t<\/div>\n\t\t<\/section>\n\t\t\t\t<div class=\"elementor-element elementor-element-8d6410d elementor-widget elementor-widget-text-editor\" data-id=\"8d6410d\" data-element_type=\"widget\" data-widget_type=\"text-editor.default\">\n\t\t\t\t<div class=\"elementor-widget-container\">\n\t\t\t\t\t\t\t<h3 data-start=\"979\" data-end=\"995\">Co zyskujesz wybieraj\u0105c nowoczesny kocio\u0142 gazowy?<\/h3><p data-start=\"997\" data-end=\"1172\"><img decoding=\"async\" class=\"emoji\" role=\"img\" draggable=\"false\" src=\"https:\/\/s.w.org\/images\/core\/emoji\/17.0.2\/svg\/1f7e0.svg\" alt=\"\ud83d\udfe0\" \/>\u00a0 Stabilne i r\u00f3wnomierne ogrzewanie domu<br data-start=\"1033\" data-end=\"1036\" \/><img decoding=\"async\" class=\"emoji\" role=\"img\" draggable=\"false\" src=\"https:\/\/s.w.org\/images\/core\/emoji\/17.0.2\/svg\/1f7e0.svg\" alt=\"\ud83d\udfe0\" \/>\u00a0\u00a0Mo\u017cliwo\u015b\u0107 precyzyjnego sterowania temperatur\u0105<br data-start=\"1072\" data-end=\"1075\" \/><img decoding=\"async\" class=\"emoji\" role=\"img\" draggable=\"false\" src=\"https:\/\/s.w.org\/images\/core\/emoji\/17.0.2\/svg\/1f7e0.svg\" alt=\"\ud83d\udfe0\" \/>\u00a0 Cich\u0105 i automatyczn\u0105 prac\u0119<br data-start=\"1104\" data-end=\"1107\" \/><img decoding=\"async\" class=\"emoji\" role=\"img\" draggable=\"false\" src=\"https:\/\/s.w.org\/images\/core\/emoji\/17.0.2\/svg\/1f7e0.svg\" alt=\"\ud83d\udfe0\" \/>\u00a0 Ni\u017csze zu\u017cycie gazu<br data-start=\"1129\" data-end=\"1132\" \/><img decoding=\"async\" class=\"emoji\" role=\"img\" draggable=\"false\" src=\"https:\/\/s.w.org\/images\/core\/emoji\/17.0.2\/svg\/1f7e0.svg\" alt=\"\ud83d\udfe0\" \/>\u00a0 Kompaktowe urz\u0105dzenie zajmuj\u0105ce niewiele miejsca<\/p>\t\t\t\t\t\t<\/div>\n\t\t\t\t<\/div>\n\t\t\t\t<section class=\"elementor-section elementor-inner-section elementor-element elementor-element-80912e9 elementor-section-boxed elementor-section-height-default elementor-section-height-default\" data-id=\"80912e9\" data-element_type=\"section\">\n\t\t\t\t\t\t<div class=\"elementor-container elementor-column-gap-default\">\n\t\t\t\t\t<div class=\"elementor-column elementor-col-50 elementor-inner-column elementor-element elementor-element-1468a03\" data-id=\"1468a03\" data-element_type=\"column\">\n\t\t\t<div class=\"elementor-widget-wrap elementor-element-populated\">\n\t\t\t\t\t\t<div class=\"elementor-element elementor-element-19650b1 elementor-invisible elementor-widget elementor-widget-text-editor\" data-id=\"19650b1\" data-element_type=\"widget\" data-settings=\"{&quot;_animation&quot;:&quot;fadeInLeft&quot;}\" data-widget_type=\"text-editor.default\">\n\t\t\t\t<div class=\"elementor-widget-container\">\n\t\t\t\t\t\t\t<h4 data-start=\"826\" data-end=\"864\">Kiedy warto wymieni\u0107 kocio\u0142 gazowy?<\/h4><p data-start=\"866\" data-end=\"898\">Wymiana urz\u0105dzenia ma sens, gdy:<\/p><ul data-start=\"900\" data-end=\"1090\"><li data-start=\"900\" data-end=\"934\"><p data-start=\"902\" data-end=\"934\">rachunki za gaz s\u0105 coraz wy\u017csze,<\/p><\/li><li data-start=\"935\" data-end=\"963\"><p data-start=\"937\" data-end=\"963\">kocio\u0142 ma ponad 10\u201315 lat,<\/p><\/li><li data-start=\"964\" data-end=\"994\"><p data-start=\"966\" data-end=\"994\">urz\u0105dzenie cz\u0119sto si\u0119 psuje,<\/p><\/li><li data-start=\"995\" data-end=\"1041\"><p data-start=\"997\" data-end=\"1041\">planujesz modernizacj\u0119 instalacji grzewczej,<\/p><\/li><li data-start=\"1042\" data-end=\"1090\"><p data-start=\"1044\" data-end=\"1090\">przechodzisz z ogrzewania w\u0119glowego na gazowe.<\/p><\/li><\/ul><p data-start=\"1092\" data-end=\"1220\">Nowoczesne kot\u0142y kondensacyjne pracuj\u0105 wydajniej, s\u0105 cichsze i pozwalaj\u0105 obni\u017cy\u0107 zu\u017cycie gazu dzi\u0119ki odzyskowi ciep\u0142a ze spalin.<\/p>\t\t\t\t\t\t<\/div>\n\t\t\t\t<\/div>\n\t\t\t\t\t<\/div>\n\t\t<\/div>\n\t\t\t\t<div class=\"elementor-column elementor-col-50 elementor-inner-column elementor-element elementor-element-cae1b18\" data-id=\"cae1b18\" data-element_type=\"column\">\n\t\t\t<div class=\"elementor-widget-wrap elementor-element-populated\">\n\t\t\t\t\t\t<div class=\"elementor-element elementor-element-09a1efb elementor-invisible elementor-widget elementor-widget-image\" data-id=\"09a1efb\" data-element_type=\"widget\" data-settings=\"{&quot;_animation&quot;:&quot;fadeInRight&quot;}\" data-widget_type=\"image.default\">\n\t\t\t\t<div class=\"elementor-widget-container\">\n\t\t\t\t\t\t\t\t\t\t\t\t\t<img decoding=\"async\" width=\"580\" height=\"387\" src=\"https:\/\/ktitechnikagrzewcza.com\/wp-content\/uploads\/2023\/05\/AdobeStock_114642603.jpg\" class=\"attachment-large size-large wp-image-717\" alt=\"\" srcset=\"https:\/\/ktitechnikagrzewcza.com\/wp-content\/uploads\/2023\/05\/AdobeStock_114642603.jpg 991w, https:\/\/ktitechnikagrzewcza.com\/wp-content\/uploads\/2023\/05\/AdobeStock_114642603-300x200.jpg 300w, https:\/\/ktitechnikagrzewcza.com\/wp-content\/uploads\/2023\/05\/AdobeStock_114642603-768x512.jpg 768w\" sizes=\"(max-width: 580px) 100vw, 580px\" \/>\t\t\t\t\t\t\t\t\t\t\t\t\t<\/div>\n\t\t\t\t<\/div>\n\t\t\t\t\t<\/div>\n\t\t<\/div>\n\t\t\t\t\t<\/div>\n\t\t<\/section>\n\t\t\t\t<div class=\"elementor-element elementor-element-b3df04e elementor-widget elementor-widget-text-editor\" data-id=\"b3df04e\" data-element_type=\"widget\" data-widget_type=\"text-editor.default\">\n\t\t\t\t<div class=\"elementor-widget-container\">\n\t\t\t\t\t\t\t<h4 data-start=\"3317\" data-end=\"3353\">Najcz\u0119\u015bciej zadawane pytania (FAQ)<\/h4><h5 data-start=\"3355\" data-end=\"3394\">Czy pomagacie w doborze mocy kot\u0142a?<\/h5><p data-start=\"3395\" data-end=\"3496\">Tak. Analizujemy metra\u017c, izolacj\u0119 budynku i rodzaj instalacji, aby dobra\u0107 odpowiedni\u0105 moc urz\u0105dzenia.<\/p><h5 data-start=\"3498\" data-end=\"3534\">Ile trwa wymiana kot\u0142a gazowego?<\/h5><p data-start=\"3535\" data-end=\"3608\">Standardowa wymiana trwa zazwyczaj 1\u20132 dni, w zale\u017cno\u015bci od zakresu prac.<\/p><h5 data-start=\"3610\" data-end=\"3657\">Czy nowy kocio\u0142 gazowy jest oszcz\u0119dniejszy?<\/h5><p data-start=\"3658\" data-end=\"3733\">Tak. Nowoczesne kot\u0142y kondensacyjne zu\u017cywaj\u0105 mniej gazu ni\u017c starsze modele.<\/p><h5 data-start=\"3735\" data-end=\"3776\">Czy wykonujecie przer\u00f3bki instalacji?<\/h5><p data-start=\"3777\" data-end=\"3873\">Tak \u2013 w razie potrzeby modernizujemy uk\u0142ad hydrauliczny i dostosowujemy go do nowego urz\u0105dzenia.<\/p><h5 data-start=\"3875\" data-end=\"3912\">Czy oferujecie serwis po monta\u017cu?<\/h5><p data-start=\"3913\" data-end=\"3979\">Tak. Wykonujemy przegl\u0105dy oraz serwis pogwarancyjny.<\/p><h5 data-start=\"3981\" data-end=\"4043\">Czy mo\u017cna po\u0142\u0105czy\u0107 kocio\u0142 gazowy z ogrzewaniem pod\u0142ogowym?<\/h5><p data-start=\"4044\" data-end=\"4147\">Tak \u2013 kocio\u0142 gazowy bardzo dobrze wsp\u00f3\u0142pracuje z ogrzewaniem pod\u0142ogowym przy odpowiedniej konfiguracji.<\/p><h5 data-start=\"4149\" data-end=\"4187\">Czy zajmujecie si\u0119 formalno\u015bciami?<\/h5><p>Doradzamy w kwestiach technicznych i przygotowujemy dokumentacj\u0119 niezb\u0119dn\u0105 do uruchomienia urz\u0105dzenia.<\/p>\t\t\t\t\t\t<\/div>\n\t\t\t\t<\/div>\n\t\t\t\t\t<\/div>\n\t\t<\/div>\n\t\t\t\t\t<\/div>\n\t\t<\/section>\n\t\t\t\t<\/div>\n\t\t","protected":false},"excerpt":{"rendered":"<p>kot\u0142y gazowe Jeste\u015bmy firm\u0105 specjalizuj\u0105c\u0105 si\u0119 w us\u0142ugach monta\u017cu kot\u0142\u00f3w gazowych. Kot\u0142y gazowe \u2013 monta\u017c, wymiana i serwis | Cz\u0119stochowa, Myszk\u00f3w, Poraj i okolice Nowoczesny kocio\u0142 gazowy to wygodne, bezobs\u0142ugowe i stabilne \u017ar\u00f3d\u0142o ogrzewania domu.KTI Technika Grzewcza wykonuje profesjonalny monta\u017c, wymian\u0119 oraz serwis kot\u0142\u00f3w gazowych na terenie Cz\u0119stochowy, Myszkowa, Poraja, Poczesnej, Kozieg\u0142\u00f3w oraz Olsztyna. Pracujemy [&hellip;]<\/p>\n","protected":false},"author":1,"featured_media":0,"parent":0,"menu_order":0,"comment_status":"closed","ping_status":"closed","template":"elementor_header_footer","meta":{"footnotes":""},"class_list":["post-713","page","type-page","status-publish","hentry"],"yoast_head":"<!-- This site is optimized with the Yoast SEO Premium plugin v19.2 (Yoast SEO v23.4) - https:\/\/yoast.com\/wordpress\/plugins\/seo\/ -->\n<title>Kondensacyjne kot\u0142y gazowe - KTI<\/title>\n<meta name=\"robots\" content=\"index, follow, max-snippet:-1, max-image-preview:large, max-video-preview:-1\" \/>\n<link rel=\"canonical\" href=\"https:\/\/ktitechnikagrzewcza.com\/?page_id=713\" \/>\n<meta property=\"og:locale\" content=\"pl_PL\" \/>\n<meta property=\"og:type\" content=\"article\" \/>\n<meta property=\"og:title\" content=\"Kondensacyjne kot\u0142y gazowe\" \/>\n<meta property=\"og:description\" content=\"kot\u0142y gazowe Jeste\u015bmy firm\u0105 specjalizuj\u0105c\u0105 si\u0119 w us\u0142ugach monta\u017cu kot\u0142\u00f3w gazowych. Kot\u0142y gazowe \u2013 monta\u017c, wymiana i serwis | Cz\u0119stochowa, Myszk\u00f3w, Poraj i okolice Nowoczesny kocio\u0142 gazowy to wygodne, bezobs\u0142ugowe i stabilne \u017ar\u00f3d\u0142o ogrzewania domu.KTI Technika Grzewcza wykonuje profesjonalny monta\u017c, wymian\u0119 oraz serwis kot\u0142\u00f3w gazowych na terenie Cz\u0119stochowy, Myszkowa, Poraja, Poczesnej, Kozieg\u0142\u00f3w oraz Olsztyna. Pracujemy [&hellip;]\" \/>\n<meta property=\"og:url\" content=\"https:\/\/ktitechnikagrzewcza.com\/?page_id=713\" \/>\n<meta property=\"og:site_name\" content=\"KTI\" \/>\n<meta property=\"article:publisher\" content=\"http:\/\/www.facebook.com\/KTITechnikaGrzewcza\" \/>\n<meta property=\"article:modified_time\" content=\"2026-02-23T20:26:51+00:00\" \/>\n<meta property=\"og:image\" content=\"https:\/\/ktitechnikagrzewcza.com\/wp-content\/uploads\/2026\/02\/20241115_150715-768x1024.jpg\" \/>\n<meta name=\"twitter:card\" content=\"summary_large_image\" \/>\n<meta name=\"twitter:label1\" content=\"Szacowany czas czytania\" \/>\n\t<meta name=\"twitter:data1\" content=\"4 minuty\" \/>\n<script type=\"application\/ld+json\" class=\"yoast-schema-graph\">{\"@context\":\"https:\/\/schema.org\",\"@graph\":[{\"@type\":\"WebPage\",\"@id\":\"https:\/\/ktitechnikagrzewcza.com\/?page_id=713\",\"url\":\"https:\/\/ktitechnikagrzewcza.com\/?page_id=713\",\"name\":\"Kondensacyjne kot\u0142y gazowe - KTI\",\"isPartOf\":{\"@id\":\"https:\/\/ktitechnikagrzewcza.com\/#website\"},\"primaryImageOfPage\":{\"@id\":\"https:\/\/ktitechnikagrzewcza.com\/?page_id=713#primaryimage\"},\"image\":{\"@id\":\"https:\/\/ktitechnikagrzewcza.com\/?page_id=713#primaryimage\"},\"thumbnailUrl\":\"https:\/\/ktitechnikagrzewcza.com\/wp-content\/uploads\/2026\/02\/20241115_150715-768x1024.jpg\",\"datePublished\":\"2023-05-07T08:43:44+00:00\",\"dateModified\":\"2026-02-23T20:26:51+00:00\",\"breadcrumb\":{\"@id\":\"https:\/\/ktitechnikagrzewcza.com\/?page_id=713#breadcrumb\"},\"inLanguage\":\"pl-PL\",\"potentialAction\":[{\"@type\":\"ReadAction\",\"target\":[\"https:\/\/ktitechnikagrzewcza.com\/?page_id=713\"]}]},{\"@type\":\"ImageObject\",\"inLanguage\":\"pl-PL\",\"@id\":\"https:\/\/ktitechnikagrzewcza.com\/?page_id=713#primaryimage\",\"url\":\"https:\/\/ktitechnikagrzewcza.com\/wp-content\/uploads\/2026\/02\/20241115_150715-scaled.jpg\",\"contentUrl\":\"https:\/\/ktitechnikagrzewcza.com\/wp-content\/uploads\/2026\/02\/20241115_150715-scaled.jpg\",\"width\":1920,\"height\":2560},{\"@type\":\"BreadcrumbList\",\"@id\":\"https:\/\/ktitechnikagrzewcza.com\/?page_id=713#breadcrumb\",\"itemListElement\":[{\"@type\":\"ListItem\",\"position\":1,\"name\":\"Strona g\u0142\u00f3wna\",\"item\":\"https:\/\/ktitechnikagrzewcza.com\/\"},{\"@type\":\"ListItem\",\"position\":2,\"name\":\"Kondensacyjne kot\u0142y gazowe\"}]},{\"@type\":\"WebSite\",\"@id\":\"https:\/\/ktitechnikagrzewcza.com\/#website\",\"url\":\"https:\/\/ktitechnikagrzewcza.com\/\",\"name\":\"KTI\",\"description\":\"Technika Grzewcza\",\"publisher\":{\"@id\":\"https:\/\/ktitechnikagrzewcza.com\/#organization\"},\"potentialAction\":[{\"@type\":\"SearchAction\",\"target\":{\"@type\":\"EntryPoint\",\"urlTemplate\":\"https:\/\/ktitechnikagrzewcza.com\/?s={search_term_string}\"},\"query-input\":{\"@type\":\"PropertyValueSpecification\",\"valueRequired\":true,\"valueName\":\"search_term_string\"}}],\"inLanguage\":\"pl-PL\"},{\"@type\":\"Organization\",\"@id\":\"https:\/\/ktitechnikagrzewcza.com\/#organization\",\"name\":\"KTI Technika Grzewcza\",\"url\":\"https:\/\/ktitechnikagrzewcza.com\/\",\"logo\":{\"@type\":\"ImageObject\",\"inLanguage\":\"pl-PL\",\"@id\":\"https:\/\/ktitechnikagrzewcza.com\/#\/schema\/logo\/image\/\",\"url\":\"https:\/\/ktitechnikagrzewcza.com\/wp-content\/uploads\/2022\/10\/logo1.jpg\",\"contentUrl\":\"https:\/\/ktitechnikagrzewcza.com\/wp-content\/uploads\/2022\/10\/logo1.jpg\",\"width\":1896,\"height\":800,\"caption\":\"KTI Technika Grzewcza\"},\"image\":{\"@id\":\"https:\/\/ktitechnikagrzewcza.com\/#\/schema\/logo\/image\/\"},\"sameAs\":[\"http:\/\/www.facebook.com\/KTITechnikaGrzewcza\"]}]}<\/script>\n<!-- \/ Yoast SEO Premium plugin. -->","yoast_head_json":{"title":"Kondensacyjne kot\u0142y gazowe - KTI","robots":{"index":"index","follow":"follow","max-snippet":"max-snippet:-1","max-image-preview":"max-image-preview:large","max-video-preview":"max-video-preview:-1"},"canonical":"https:\/\/ktitechnikagrzewcza.com\/?page_id=713","og_locale":"pl_PL","og_type":"article","og_title":"Kondensacyjne kot\u0142y gazowe","og_description":"kot\u0142y gazowe Jeste\u015bmy firm\u0105 specjalizuj\u0105c\u0105 si\u0119 w us\u0142ugach monta\u017cu kot\u0142\u00f3w gazowych. Kot\u0142y gazowe \u2013 monta\u017c, wymiana i serwis | Cz\u0119stochowa, Myszk\u00f3w, Poraj i okolice Nowoczesny kocio\u0142 gazowy to wygodne, bezobs\u0142ugowe i stabilne \u017ar\u00f3d\u0142o ogrzewania domu.KTI Technika Grzewcza wykonuje profesjonalny monta\u017c, wymian\u0119 oraz serwis kot\u0142\u00f3w gazowych na terenie Cz\u0119stochowy, Myszkowa, Poraja, Poczesnej, Kozieg\u0142\u00f3w oraz Olsztyna. Pracujemy [&hellip;]","og_url":"https:\/\/ktitechnikagrzewcza.com\/?page_id=713","og_site_name":"KTI","article_publisher":"http:\/\/www.facebook.com\/KTITechnikaGrzewcza","article_modified_time":"2026-02-23T20:26:51+00:00","og_image":[{"url":"https:\/\/ktitechnikagrzewcza.com\/wp-content\/uploads\/2026\/02\/20241115_150715-768x1024.jpg"}],"twitter_card":"summary_large_image","twitter_misc":{"Szacowany czas czytania":"4 minuty"},"schema":{"@context":"https:\/\/schema.org","@graph":[{"@type":"WebPage","@id":"https:\/\/ktitechnikagrzewcza.com\/?page_id=713","url":"https:\/\/ktitechnikagrzewcza.com\/?page_id=713","name":"Kondensacyjne kot\u0142y gazowe - KTI","isPartOf":{"@id":"https:\/\/ktitechnikagrzewcza.com\/#website"},"primaryImageOfPage":{"@id":"https:\/\/ktitechnikagrzewcza.com\/?page_id=713#primaryimage"},"image":{"@id":"https:\/\/ktitechnikagrzewcza.com\/?page_id=713#primaryimage"},"thumbnailUrl":"https:\/\/ktitechnikagrzewcza.com\/wp-content\/uploads\/2026\/02\/20241115_150715-768x1024.jpg","datePublished":"2023-05-07T08:43:44+00:00","dateModified":"2026-02-23T20:26:51+00:00","breadcrumb":{"@id":"https:\/\/ktitechnikagrzewcza.com\/?page_id=713#breadcrumb"},"inLanguage":"pl-PL","potentialAction":[{"@type":"ReadAction","target":["https:\/\/ktitechnikagrzewcza.com\/?page_id=713"]}]},{"@type":"ImageObject","inLanguage":"pl-PL","@id":"https:\/\/ktitechnikagrzewcza.com\/?page_id=713#primaryimage","url":"https:\/\/ktitechnikagrzewcza.com\/wp-content\/uploads\/2026\/02\/20241115_150715-scaled.jpg","contentUrl":"https:\/\/ktitechnikagrzewcza.com\/wp-content\/uploads\/2026\/02\/20241115_150715-scaled.jpg","width":1920,"height":2560},{"@type":"BreadcrumbList","@id":"https:\/\/ktitechnikagrzewcza.com\/?page_id=713#breadcrumb","itemListElement":[{"@type":"ListItem","position":1,"name":"Strona g\u0142\u00f3wna","item":"https:\/\/ktitechnikagrzewcza.com\/"},{"@type":"ListItem","position":2,"name":"Kondensacyjne kot\u0142y gazowe"}]},{"@type":"WebSite","@id":"https:\/\/ktitechnikagrzewcza.com\/#website","url":"https:\/\/ktitechnikagrzewcza.com\/","name":"KTI","description":"Technika Grzewcza","publisher":{"@id":"https:\/\/ktitechnikagrzewcza.com\/#organization"},"potentialAction":[{"@type":"SearchAction","target":{"@type":"EntryPoint","urlTemplate":"https:\/\/ktitechnikagrzewcza.com\/?s={search_term_string}"},"query-input":{"@type":"PropertyValueSpecification","valueRequired":true,"valueName":"search_term_string"}}],"inLanguage":"pl-PL"},{"@type":"Organization","@id":"https:\/\/ktitechnikagrzewcza.com\/#organization","name":"KTI Technika Grzewcza","url":"https:\/\/ktitechnikagrzewcza.com\/","logo":{"@type":"ImageObject","inLanguage":"pl-PL","@id":"https:\/\/ktitechnikagrzewcza.com\/#\/schema\/logo\/image\/","url":"https:\/\/ktitechnikagrzewcza.com\/wp-content\/uploads\/2022\/10\/logo1.jpg","contentUrl":"https:\/\/ktitechnikagrzewcza.com\/wp-content\/uploads\/2022\/10\/logo1.jpg","width":1896,"height":800,"caption":"KTI Technika Grzewcza"},"image":{"@id":"https:\/\/ktitechnikagrzewcza.com\/#\/schema\/logo\/image\/"},"sameAs":["http:\/\/www.facebook.com\/KTITechnikaGrzewcza"]}]}},"_links":{"self":[{"href":"https:\/\/ktitechnikagrzewcza.com\/index.php?rest_route=\/wp\/v2\/pages\/713","targetHints":{"allow":["GET"]}}],"collection":[{"href":"https:\/\/ktitechnikagrzewcza.com\/index.php?rest_route=\/wp\/v2\/pages"}],"about":[{"href":"https:\/\/ktitechnikagrzewcza.com\/index.php?rest_route=\/wp\/v2\/types\/page"}],"author":[{"embeddable":true,"href":"https:\/\/ktitechnikagrzewcza.com\/index.php?rest_route=\/wp\/v2\/users\/1"}],"replies":[{"embeddable":true,"href":"https:\/\/ktitechnikagrzewcza.com\/index.php?rest_route=%2Fwp%2Fv2%2Fcomments&post=713"}],"version-history":[{"count":7,"href":"https:\/\/ktitechnikagrzewcza.com\/index.php?rest_route=\/wp\/v2\/pages\/713\/revisions"}],"predecessor-version":[{"id":898,"href":"https:\/\/ktitechnikagrzewcza.com\/index.php?rest_route=\/wp\/v2\/pages\/713\/revisions\/898"}],"wp:attachment":[{"href":"https:\/\/ktitechnikagrzewcza.com\/index.php?rest_route=%2Fwp%2Fv2%2Fmedia&parent=713"}],"curies":[{"name":"wp","href":"https:\/\/api.w.org\/{rel}","templated":true}]}}