{"id":698,"date":"2023-05-07T10:15:09","date_gmt":"2023-05-07T08:15:09","guid":{"rendered":"https:\/\/ktitechnikagrzewcza.com\/?page_id=698"},"modified":"2023-05-07T10:55:43","modified_gmt":"2023-05-07T08:55:43","slug":"__trashed","status":"publish","type":"page","link":"https:\/\/ktitechnikagrzewcza.com\/?page_id=698","title":{"rendered":"Klimatyzacja"},"content":{"rendered":"\t\t<div data-elementor-type=\"wp-page\" data-elementor-id=\"698\" class=\"elementor elementor-698\">\n\t\t\t\t\t\t<section class=\"elementor-section elementor-top-section elementor-element elementor-element-f39eb74 elementor-section-content-middle elementor-section-boxed elementor-section-height-default elementor-section-height-default\" data-id=\"f39eb74\" data-element_type=\"section\" data-settings=\"{&quot;background_background&quot;:&quot;classic&quot;,&quot;shape_divider_top&quot;:&quot;mountains&quot;,&quot;shape_divider_bottom&quot;:&quot;mountains&quot;}\">\n\t\t\t\t\t\t\t<div class=\"elementor-background-overlay\"><\/div>\n\t\t\t\t\t\t<div class=\"elementor-shape elementor-shape-top\" data-negative=\"false\">\n\t\t\t<svg xmlns=\"http:\/\/www.w3.org\/2000\/svg\" viewBox=\"0 0 1000 100\" preserveAspectRatio=\"none\">\n\t<path class=\"elementor-shape-fill\" opacity=\"0.33\" d=\"M473,67.3c-203.9,88.3-263.1-34-320.3,0C66,119.1,0,59.7,0,59.7V0h1000v59.7 c0,0-62.1,26.1-94.9,29.3c-32.8,3.3-62.8-12.3-75.8-22.1C806,49.6,745.3,8.7,694.9,4.7S492.4,59,473,67.3z\"\/>\n\t<path class=\"elementor-shape-fill\" opacity=\"0.66\" d=\"M734,67.3c-45.5,0-77.2-23.2-129.1-39.1c-28.6-8.7-150.3-10.1-254,39.1 s-91.7-34.4-149.2,0C115.7,118.3,0,39.8,0,39.8V0h1000v36.5c0,0-28.2-18.5-92.1-18.5C810.2,18.1,775.7,67.3,734,67.3z\"\/>\n\t<path class=\"elementor-shape-fill\" d=\"M766.1,28.9c-200-57.5-266,65.5-395.1,19.5C242,1.8,242,5.4,184.8,20.6C128,35.8,132.3,44.9,89.9,52.5C28.6,63.7,0,0,0,0 h1000c0,0-9.9,40.9-83.6,48.1S829.6,47,766.1,28.9z\"\/>\n<\/svg>\t\t<\/div>\n\t\t\t\t<div class=\"elementor-shape elementor-shape-bottom\" data-negative=\"false\">\n\t\t\t<svg xmlns=\"http:\/\/www.w3.org\/2000\/svg\" viewBox=\"0 0 1000 100\" preserveAspectRatio=\"none\">\n\t<path class=\"elementor-shape-fill\" opacity=\"0.33\" d=\"M473,67.3c-203.9,88.3-263.1-34-320.3,0C66,119.1,0,59.7,0,59.7V0h1000v59.7 c0,0-62.1,26.1-94.9,29.3c-32.8,3.3-62.8-12.3-75.8-22.1C806,49.6,745.3,8.7,694.9,4.7S492.4,59,473,67.3z\"\/>\n\t<path class=\"elementor-shape-fill\" opacity=\"0.66\" d=\"M734,67.3c-45.5,0-77.2-23.2-129.1-39.1c-28.6-8.7-150.3-10.1-254,39.1 s-91.7-34.4-149.2,0C115.7,118.3,0,39.8,0,39.8V0h1000v36.5c0,0-28.2-18.5-92.1-18.5C810.2,18.1,775.7,67.3,734,67.3z\"\/>\n\t<path class=\"elementor-shape-fill\" d=\"M766.1,28.9c-200-57.5-266,65.5-395.1,19.5C242,1.8,242,5.4,184.8,20.6C128,35.8,132.3,44.9,89.9,52.5C28.6,63.7,0,0,0,0 h1000c0,0-9.9,40.9-83.6,48.1S829.6,47,766.1,28.9z\"\/>\n<\/svg>\t\t<\/div>\n\t\t\t\t\t<div class=\"elementor-container elementor-column-gap-no\">\n\t\t\t\t\t<div class=\"elementor-column elementor-col-100 elementor-top-column elementor-element elementor-element-8014e46\" data-id=\"8014e46\" data-element_type=\"column\" data-settings=\"{&quot;background_background&quot;:&quot;classic&quot;}\">\n\t\t\t<div class=\"elementor-widget-wrap elementor-element-populated\">\n\t\t\t\t\t\t<div class=\"elementor-element elementor-element-6eda4b8 envato-kit-138-bracket elementor-invisible elementor-widget elementor-widget-heading\" data-id=\"6eda4b8\" data-element_type=\"widget\" data-settings=\"{&quot;_animation&quot;:&quot;fadeInLeft&quot;}\" data-widget_type=\"heading.default\">\n\t\t\t\t<div class=\"elementor-widget-container\">\n\t\t\t<h3 class=\"elementor-heading-title elementor-size-default\">Klimatyzacja<\/h3>\t\t<\/div>\n\t\t\t\t<\/div>\n\t\t\t\t<div class=\"elementor-element elementor-element-6ecbe50 elementor-widget elementor-widget-text-editor\" data-id=\"6ecbe50\" data-element_type=\"widget\" data-widget_type=\"text-editor.default\">\n\t\t\t\t<div class=\"elementor-widget-container\">\n\t\t\t\t\t\t\t<p>W naszej ofercie znajdziesz wiele rodzaj\u00f3w klimatyzator\u00f3w, kt\u00f3re zapewni\u0105 Ci komfortowe warunki wewn\u0119trzne przez ca\u0142y rok.<\/p>\t\t\t\t\t\t<\/div>\n\t\t\t\t<\/div>\n\t\t\t\t<section class=\"elementor-section elementor-inner-section elementor-element elementor-element-feca3b4 elementor-section-boxed elementor-section-height-default elementor-section-height-default\" data-id=\"feca3b4\" data-element_type=\"section\">\n\t\t\t\t\t\t<div class=\"elementor-container elementor-column-gap-default\">\n\t\t\t\t\t<div class=\"elementor-column elementor-col-50 elementor-inner-column elementor-element elementor-element-d901d75\" data-id=\"d901d75\" data-element_type=\"column\">\n\t\t\t<div class=\"elementor-widget-wrap elementor-element-populated\">\n\t\t\t\t\t\t<div class=\"elementor-element elementor-element-141b5fd elementor-invisible elementor-widget elementor-widget-image\" data-id=\"141b5fd\" data-element_type=\"widget\" data-settings=\"{&quot;_animation&quot;:&quot;fadeInLeft&quot;}\" data-widget_type=\"image.default\">\n\t\t\t\t<div class=\"elementor-widget-container\">\n\t\t\t\t\t\t\t\t\t\t\t\t\t<img fetchpriority=\"high\" decoding=\"async\" width=\"580\" height=\"387\" src=\"https:\/\/ktitechnikagrzewcza.com\/wp-content\/uploads\/2023\/05\/AdobeStock_85811243-1024x683.jpeg\" class=\"attachment-large size-large wp-image-700\" alt=\"\" srcset=\"https:\/\/ktitechnikagrzewcza.com\/wp-content\/uploads\/2023\/05\/AdobeStock_85811243-1024x683.jpeg 1024w, https:\/\/ktitechnikagrzewcza.com\/wp-content\/uploads\/2023\/05\/AdobeStock_85811243-300x200.jpeg 300w, https:\/\/ktitechnikagrzewcza.com\/wp-content\/uploads\/2023\/05\/AdobeStock_85811243-768x512.jpeg 768w, https:\/\/ktitechnikagrzewcza.com\/wp-content\/uploads\/2023\/05\/AdobeStock_85811243-1536x1024.jpeg 1536w, https:\/\/ktitechnikagrzewcza.com\/wp-content\/uploads\/2023\/05\/AdobeStock_85811243-2048x1365.jpeg 2048w, https:\/\/ktitechnikagrzewcza.com\/wp-content\/uploads\/2023\/05\/AdobeStock_85811243-1200x800.jpeg 1200w, https:\/\/ktitechnikagrzewcza.com\/wp-content\/uploads\/2023\/05\/AdobeStock_85811243-1980x1320.jpeg 1980w\" sizes=\"(max-width: 580px) 100vw, 580px\" \/>\t\t\t\t\t\t\t\t\t\t\t\t\t<\/div>\n\t\t\t\t<\/div>\n\t\t\t\t\t<\/div>\n\t\t<\/div>\n\t\t\t\t<div class=\"elementor-column elementor-col-50 elementor-inner-column elementor-element elementor-element-6657d76\" data-id=\"6657d76\" data-element_type=\"column\">\n\t\t\t<div class=\"elementor-widget-wrap elementor-element-populated\">\n\t\t\t\t\t\t<div class=\"elementor-element elementor-element-52f7a07 elementor-invisible elementor-widget elementor-widget-text-editor\" data-id=\"52f7a07\" data-element_type=\"widget\" data-settings=\"{&quot;_animation&quot;:&quot;fadeInRight&quot;}\" data-widget_type=\"text-editor.default\">\n\t\t\t\t<div class=\"elementor-widget-container\">\n\t\t\t\t\t\t\t<p><strong><span style=\"text-decoration: underline;\">Klimatyzatory \u015bcienne<\/span><\/strong><\/p><p><br \/>Nasze flagowe modele klimatyzator\u00f3w \u015bciennych charakteryzuj\u0105 si\u0119 \u0142atw\u0105 instalacj\u0105, wysok\u0105 energooszcz\u0119dno\u015bci\u0105 i cich\u0105 prac\u0105. To rewersyjne pompy ciep\u0142a, kt\u00f3re w sezonie letnim s\u0142u\u017c\u0105 do ch\u0142odzenia pomieszcze\u0144, a w sezonie przej\u015bciowym &#8211; do dogrzewania. Modele z pakietem zimowym mog\u0105 by\u0107 \u017ar\u00f3d\u0142em ciep\u0142a nawet w ekstremalnie niskich temperaturach zewn\u0119trznych.<\/p>\t\t\t\t\t\t<\/div>\n\t\t\t\t<\/div>\n\t\t\t\t\t<\/div>\n\t\t<\/div>\n\t\t\t\t\t<\/div>\n\t\t<\/section>\n\t\t\t\t<div class=\"elementor-element elementor-element-3c959b1 elementor-widget elementor-widget-text-editor\" data-id=\"3c959b1\" data-element_type=\"widget\" data-widget_type=\"text-editor.default\">\n\t\t\t\t<div class=\"elementor-widget-container\">\n\t\t\t\t\t\t\t<p><strong><span style=\"text-decoration: underline;\">Funkcje klimatyzator\u00f3w<\/span><\/strong><\/p><p><br \/>Nasze klimatyzatory s\u0105 wyposa\u017cone w wiele u\u017cytecznych funkcji, kt\u00f3re wp\u0142ywaj\u0105 na komfort codziennego u\u017cytkowania. Mo\u017cesz sterowa\u0107 automatycznie prac\u0105 \u017caluzji poziomych i pionowych, co pozwala na dostosowanie kierunku strumienia powietrza. Czujnik ruchu automatycznie dostosowuje przep\u0142yw powietrza do osoby przebywaj\u0105cej w pomieszczeniu. Dzi\u0119ki technologii windless, powietrze jest uwalniane delikatnym, maksymalnie rozproszonym strumieniem. Wszystkie funkcje klimatyzator\u00f3w mo\u017cna sterowa\u0107 zdalnie za pomoc\u0105 pilota lub smartfona. Nasze klimatyzatory posiadaj\u0105 tak\u017ce zaawansowany system oczyszczania i filtracji powietrza. Wbudowany jonizator eliminuje z powietrza wirusy, bakterie i alergeny.<\/p>\t\t\t\t\t\t<\/div>\n\t\t\t\t<\/div>\n\t\t\t\t<section class=\"elementor-section elementor-inner-section elementor-element elementor-element-3b1c3fc elementor-section-boxed elementor-section-height-default elementor-section-height-default\" data-id=\"3b1c3fc\" data-element_type=\"section\">\n\t\t\t\t\t\t<div class=\"elementor-container elementor-column-gap-default\">\n\t\t\t\t\t<div class=\"elementor-column elementor-col-50 elementor-inner-column elementor-element elementor-element-b9745ca\" data-id=\"b9745ca\" data-element_type=\"column\">\n\t\t\t<div class=\"elementor-widget-wrap elementor-element-populated\">\n\t\t\t\t\t\t<div class=\"elementor-element elementor-element-b0c755f elementor-invisible elementor-widget elementor-widget-text-editor\" data-id=\"b0c755f\" data-element_type=\"widget\" data-settings=\"{&quot;_animation&quot;:&quot;fadeInLeft&quot;}\" data-widget_type=\"text-editor.default\">\n\t\t\t\t<div class=\"elementor-widget-container\">\n\t\t\t\t\t\t\t<p><strong><span style=\"text-decoration: underline;\">Klimatyzatory split i multisplit<\/span><\/strong><\/p><p>Oferujemy r\u00f3wnie\u017c rozbudowane systemy klimatyzacji RVF, przeznaczone dla obiekt\u00f3w komercyjnych. Nasze systemy klimatyzacji typu split i multi-split s\u0105 idealne dla klient\u00f3w indywidualnych, kt\u00f3rzy chc\u0105 zapewni\u0107 sobie komfort w domu lub mieszkaniu. Dzi\u0119ki naszym klimatyzatorom mo\u017cesz cieszy\u0107 si\u0119 komfortowymi warunkami wewn\u0119trznymi przez ca\u0142y rok. Wybierz model odpowiedni dla siebie i ciesz si\u0119 \u015bwie\u017cym powietrzem bez wzgl\u0119du na panuj\u0105ce warunki atmosferyczne.<\/p>\t\t\t\t\t\t<\/div>\n\t\t\t\t<\/div>\n\t\t\t\t\t<\/div>\n\t\t<\/div>\n\t\t\t\t<div class=\"elementor-column elementor-col-50 elementor-inner-column elementor-element elementor-element-7884b44\" data-id=\"7884b44\" data-element_type=\"column\">\n\t\t\t<div class=\"elementor-widget-wrap elementor-element-populated\">\n\t\t\t\t\t\t<div class=\"elementor-element elementor-element-0254230 elementor-invisible elementor-widget elementor-widget-image\" data-id=\"0254230\" data-element_type=\"widget\" data-settings=\"{&quot;_animation&quot;:&quot;fadeInRight&quot;}\" data-widget_type=\"image.default\">\n\t\t\t\t<div class=\"elementor-widget-container\">\n\t\t\t\t\t\t\t\t\t\t\t\t\t<img decoding=\"async\" width=\"580\" height=\"354\" src=\"https:\/\/ktitechnikagrzewcza.com\/wp-content\/uploads\/2023\/05\/AdobeStock_118437049-1024x625.jpeg\" class=\"attachment-large size-large wp-image-709\" alt=\"\" srcset=\"https:\/\/ktitechnikagrzewcza.com\/wp-content\/uploads\/2023\/05\/AdobeStock_118437049-1024x625.jpeg 1024w, https:\/\/ktitechnikagrzewcza.com\/wp-content\/uploads\/2023\/05\/AdobeStock_118437049-300x183.jpeg 300w, https:\/\/ktitechnikagrzewcza.com\/wp-content\/uploads\/2023\/05\/AdobeStock_118437049-768x469.jpeg 768w, https:\/\/ktitechnikagrzewcza.com\/wp-content\/uploads\/2023\/05\/AdobeStock_118437049-1536x937.jpeg 1536w, https:\/\/ktitechnikagrzewcza.com\/wp-content\/uploads\/2023\/05\/AdobeStock_118437049-2048x1250.jpeg 2048w, https:\/\/ktitechnikagrzewcza.com\/wp-content\/uploads\/2023\/05\/AdobeStock_118437049-1200x732.jpeg 1200w, https:\/\/ktitechnikagrzewcza.com\/wp-content\/uploads\/2023\/05\/AdobeStock_118437049-1980x1208.jpeg 1980w\" sizes=\"(max-width: 580px) 100vw, 580px\" \/>\t\t\t\t\t\t\t\t\t\t\t\t\t<\/div>\n\t\t\t\t<\/div>\n\t\t\t\t\t<\/div>\n\t\t<\/div>\n\t\t\t\t\t<\/div>\n\t\t<\/section>\n\t\t\t\t<div class=\"elementor-element elementor-element-9059872 elementor-widget elementor-widget-text-editor\" data-id=\"9059872\" data-element_type=\"widget\" data-widget_type=\"text-editor.default\">\n\t\t\t\t<div class=\"elementor-widget-container\">\n\t\t\t\t\t\t\t<p><strong><span style=\"text-decoration: underline;\">Klimatyzatory do specjalnych zada\u0144<\/span><\/strong><\/p><p>Je\u015bli potrzebujesz rozwi\u0105zania dla pomieszcze\u0144 w budynkach bez wentylacji mechanicznej, polecamy nasz model Rotenso Fresh. Dostarcza on powietrze z zewn\u0105trz i posiada lampy UV, kt\u00f3re oczyszczaj\u0105 powietrze z bakterii. Nasz klimatyzator konsolowy Aneru jest doskona\u0142ym rozwi\u0105zaniem do sch\u0142adzania i ogrzewania poddaszy.<\/p>\t\t\t\t\t\t<\/div>\n\t\t\t\t<\/div>\n\t\t\t\t\t<\/div>\n\t\t<\/div>\n\t\t\t\t\t<\/div>\n\t\t<\/section>\n\t\t\t\t<\/div>\n\t\t","protected":false},"excerpt":{"rendered":"<p>Klimatyzacja W naszej ofercie znajdziesz wiele rodzaj\u00f3w klimatyzator\u00f3w, kt\u00f3re zapewni\u0105 Ci komfortowe warunki wewn\u0119trzne przez ca\u0142y rok. Klimatyzatory \u015bcienne Nasze flagowe modele klimatyzator\u00f3w \u015bciennych charakteryzuj\u0105 si\u0119 \u0142atw\u0105 instalacj\u0105, wysok\u0105 energooszcz\u0119dno\u015bci\u0105 i cich\u0105 prac\u0105. To rewersyjne pompy ciep\u0142a, kt\u00f3re w sezonie letnim s\u0142u\u017c\u0105 do ch\u0142odzenia pomieszcze\u0144, a w sezonie przej\u015bciowym &#8211; do dogrzewania. Modele z pakietem [&hellip;]<\/p>\n","protected":false},"author":1,"featured_media":0,"parent":0,"menu_order":0,"comment_status":"closed","ping_status":"closed","template":"elementor_header_footer","meta":{"footnotes":""},"class_list":["post-698","page","type-page","status-publish","hentry"],"yoast_head":"<!-- This site is optimized with the Yoast SEO Premium plugin v19.2 (Yoast SEO v23.4) - https:\/\/yoast.com\/wordpress\/plugins\/seo\/ -->\n<title>Klimatyzacja - KTI<\/title>\n<meta name=\"robots\" content=\"index, follow, max-snippet:-1, max-image-preview:large, max-video-preview:-1\" \/>\n<link rel=\"canonical\" href=\"https:\/\/ktitechnikagrzewcza.com\/?page_id=698\" \/>\n<meta property=\"og:locale\" content=\"pl_PL\" \/>\n<meta property=\"og:type\" content=\"article\" \/>\n<meta property=\"og:title\" content=\"Klimatyzacja\" \/>\n<meta property=\"og:description\" content=\"Klimatyzacja W naszej ofercie znajdziesz wiele rodzaj\u00f3w klimatyzator\u00f3w, kt\u00f3re zapewni\u0105 Ci komfortowe warunki wewn\u0119trzne przez ca\u0142y rok. Klimatyzatory \u015bcienne Nasze flagowe modele klimatyzator\u00f3w \u015bciennych charakteryzuj\u0105 si\u0119 \u0142atw\u0105 instalacj\u0105, wysok\u0105 energooszcz\u0119dno\u015bci\u0105 i cich\u0105 prac\u0105. To rewersyjne pompy ciep\u0142a, kt\u00f3re w sezonie letnim s\u0142u\u017c\u0105 do ch\u0142odzenia pomieszcze\u0144, a w sezonie przej\u015bciowym &#8211; do dogrzewania. Modele z pakietem [&hellip;]\" \/>\n<meta property=\"og:url\" content=\"https:\/\/ktitechnikagrzewcza.com\/?page_id=698\" \/>\n<meta property=\"og:site_name\" content=\"KTI\" \/>\n<meta property=\"article:publisher\" content=\"http:\/\/www.facebook.com\/KTITechnikaGrzewcza\" \/>\n<meta property=\"article:modified_time\" content=\"2023-05-07T08:55:43+00:00\" \/>\n<meta property=\"og:image\" content=\"https:\/\/ktitechnikagrzewcza.com\/wp-content\/uploads\/2023\/05\/AdobeStock_85811243-1024x683.jpeg\" \/>\n<meta name=\"twitter:card\" content=\"summary_large_image\" \/>\n<meta name=\"twitter:label1\" content=\"Szacowany czas czytania\" \/>\n\t<meta name=\"twitter:data1\" content=\"2 minuty\" \/>\n<script type=\"application\/ld+json\" class=\"yoast-schema-graph\">{\"@context\":\"https:\/\/schema.org\",\"@graph\":[{\"@type\":\"WebPage\",\"@id\":\"https:\/\/ktitechnikagrzewcza.com\/?page_id=698\",\"url\":\"https:\/\/ktitechnikagrzewcza.com\/?page_id=698\",\"name\":\"Klimatyzacja - KTI\",\"isPartOf\":{\"@id\":\"https:\/\/ktitechnikagrzewcza.com\/#website\"},\"primaryImageOfPage\":{\"@id\":\"https:\/\/ktitechnikagrzewcza.com\/?page_id=698#primaryimage\"},\"image\":{\"@id\":\"https:\/\/ktitechnikagrzewcza.com\/?page_id=698#primaryimage\"},\"thumbnailUrl\":\"https:\/\/ktitechnikagrzewcza.com\/wp-content\/uploads\/2023\/05\/AdobeStock_85811243-1024x683.jpeg\",\"datePublished\":\"2023-05-07T08:15:09+00:00\",\"dateModified\":\"2023-05-07T08:55:43+00:00\",\"breadcrumb\":{\"@id\":\"https:\/\/ktitechnikagrzewcza.com\/?page_id=698#breadcrumb\"},\"inLanguage\":\"pl-PL\",\"potentialAction\":[{\"@type\":\"ReadAction\",\"target\":[\"https:\/\/ktitechnikagrzewcza.com\/?page_id=698\"]}]},{\"@type\":\"ImageObject\",\"inLanguage\":\"pl-PL\",\"@id\":\"https:\/\/ktitechnikagrzewcza.com\/?page_id=698#primaryimage\",\"url\":\"https:\/\/ktitechnikagrzewcza.com\/wp-content\/uploads\/2023\/05\/AdobeStock_85811243-scaled.jpeg\",\"contentUrl\":\"https:\/\/ktitechnikagrzewcza.com\/wp-content\/uploads\/2023\/05\/AdobeStock_85811243-scaled.jpeg\",\"width\":2560,\"height\":1707,\"caption\":\"Air conditioner on wall background\"},{\"@type\":\"BreadcrumbList\",\"@id\":\"https:\/\/ktitechnikagrzewcza.com\/?page_id=698#breadcrumb\",\"itemListElement\":[{\"@type\":\"ListItem\",\"position\":1,\"name\":\"Strona g\u0142\u00f3wna\",\"item\":\"https:\/\/ktitechnikagrzewcza.com\/\"},{\"@type\":\"ListItem\",\"position\":2,\"name\":\"Klimatyzacja\"}]},{\"@type\":\"WebSite\",\"@id\":\"https:\/\/ktitechnikagrzewcza.com\/#website\",\"url\":\"https:\/\/ktitechnikagrzewcza.com\/\",\"name\":\"KTI\",\"description\":\"Technika Grzewcza\",\"publisher\":{\"@id\":\"https:\/\/ktitechnikagrzewcza.com\/#organization\"},\"potentialAction\":[{\"@type\":\"SearchAction\",\"target\":{\"@type\":\"EntryPoint\",\"urlTemplate\":\"https:\/\/ktitechnikagrzewcza.com\/?s={search_term_string}\"},\"query-input\":{\"@type\":\"PropertyValueSpecification\",\"valueRequired\":true,\"valueName\":\"search_term_string\"}}],\"inLanguage\":\"pl-PL\"},{\"@type\":\"Organization\",\"@id\":\"https:\/\/ktitechnikagrzewcza.com\/#organization\",\"name\":\"KTI Technika Grzewcza\",\"url\":\"https:\/\/ktitechnikagrzewcza.com\/\",\"logo\":{\"@type\":\"ImageObject\",\"inLanguage\":\"pl-PL\",\"@id\":\"https:\/\/ktitechnikagrzewcza.com\/#\/schema\/logo\/image\/\",\"url\":\"https:\/\/ktitechnikagrzewcza.com\/wp-content\/uploads\/2022\/10\/logo1.jpg\",\"contentUrl\":\"https:\/\/ktitechnikagrzewcza.com\/wp-content\/uploads\/2022\/10\/logo1.jpg\",\"width\":1896,\"height\":800,\"caption\":\"KTI Technika Grzewcza\"},\"image\":{\"@id\":\"https:\/\/ktitechnikagrzewcza.com\/#\/schema\/logo\/image\/\"},\"sameAs\":[\"http:\/\/www.facebook.com\/KTITechnikaGrzewcza\"]}]}<\/script>\n<!-- \/ Yoast SEO Premium plugin. -->","yoast_head_json":{"title":"Klimatyzacja - KTI","robots":{"index":"index","follow":"follow","max-snippet":"max-snippet:-1","max-image-preview":"max-image-preview:large","max-video-preview":"max-video-preview:-1"},"canonical":"https:\/\/ktitechnikagrzewcza.com\/?page_id=698","og_locale":"pl_PL","og_type":"article","og_title":"Klimatyzacja","og_description":"Klimatyzacja W naszej ofercie znajdziesz wiele rodzaj\u00f3w klimatyzator\u00f3w, kt\u00f3re zapewni\u0105 Ci komfortowe warunki wewn\u0119trzne przez ca\u0142y rok. Klimatyzatory \u015bcienne Nasze flagowe modele klimatyzator\u00f3w \u015bciennych charakteryzuj\u0105 si\u0119 \u0142atw\u0105 instalacj\u0105, wysok\u0105 energooszcz\u0119dno\u015bci\u0105 i cich\u0105 prac\u0105. To rewersyjne pompy ciep\u0142a, kt\u00f3re w sezonie letnim s\u0142u\u017c\u0105 do ch\u0142odzenia pomieszcze\u0144, a w sezonie przej\u015bciowym &#8211; do dogrzewania. Modele z pakietem [&hellip;]","og_url":"https:\/\/ktitechnikagrzewcza.com\/?page_id=698","og_site_name":"KTI","article_publisher":"http:\/\/www.facebook.com\/KTITechnikaGrzewcza","article_modified_time":"2023-05-07T08:55:43+00:00","og_image":[{"url":"https:\/\/ktitechnikagrzewcza.com\/wp-content\/uploads\/2023\/05\/AdobeStock_85811243-1024x683.jpeg"}],"twitter_card":"summary_large_image","twitter_misc":{"Szacowany czas czytania":"2 minuty"},"schema":{"@context":"https:\/\/schema.org","@graph":[{"@type":"WebPage","@id":"https:\/\/ktitechnikagrzewcza.com\/?page_id=698","url":"https:\/\/ktitechnikagrzewcza.com\/?page_id=698","name":"Klimatyzacja - KTI","isPartOf":{"@id":"https:\/\/ktitechnikagrzewcza.com\/#website"},"primaryImageOfPage":{"@id":"https:\/\/ktitechnikagrzewcza.com\/?page_id=698#primaryimage"},"image":{"@id":"https:\/\/ktitechnikagrzewcza.com\/?page_id=698#primaryimage"},"thumbnailUrl":"https:\/\/ktitechnikagrzewcza.com\/wp-content\/uploads\/2023\/05\/AdobeStock_85811243-1024x683.jpeg","datePublished":"2023-05-07T08:15:09+00:00","dateModified":"2023-05-07T08:55:43+00:00","breadcrumb":{"@id":"https:\/\/ktitechnikagrzewcza.com\/?page_id=698#breadcrumb"},"inLanguage":"pl-PL","potentialAction":[{"@type":"ReadAction","target":["https:\/\/ktitechnikagrzewcza.com\/?page_id=698"]}]},{"@type":"ImageObject","inLanguage":"pl-PL","@id":"https:\/\/ktitechnikagrzewcza.com\/?page_id=698#primaryimage","url":"https:\/\/ktitechnikagrzewcza.com\/wp-content\/uploads\/2023\/05\/AdobeStock_85811243-scaled.jpeg","contentUrl":"https:\/\/ktitechnikagrzewcza.com\/wp-content\/uploads\/2023\/05\/AdobeStock_85811243-scaled.jpeg","width":2560,"height":1707,"caption":"Air conditioner on wall background"},{"@type":"BreadcrumbList","@id":"https:\/\/ktitechnikagrzewcza.com\/?page_id=698#breadcrumb","itemListElement":[{"@type":"ListItem","position":1,"name":"Strona g\u0142\u00f3wna","item":"https:\/\/ktitechnikagrzewcza.com\/"},{"@type":"ListItem","position":2,"name":"Klimatyzacja"}]},{"@type":"WebSite","@id":"https:\/\/ktitechnikagrzewcza.com\/#website","url":"https:\/\/ktitechnikagrzewcza.com\/","name":"KTI","description":"Technika Grzewcza","publisher":{"@id":"https:\/\/ktitechnikagrzewcza.com\/#organization"},"potentialAction":[{"@type":"SearchAction","target":{"@type":"EntryPoint","urlTemplate":"https:\/\/ktitechnikagrzewcza.com\/?s={search_term_string}"},"query-input":{"@type":"PropertyValueSpecification","valueRequired":true,"valueName":"search_term_string"}}],"inLanguage":"pl-PL"},{"@type":"Organization","@id":"https:\/\/ktitechnikagrzewcza.com\/#organization","name":"KTI Technika Grzewcza","url":"https:\/\/ktitechnikagrzewcza.com\/","logo":{"@type":"ImageObject","inLanguage":"pl-PL","@id":"https:\/\/ktitechnikagrzewcza.com\/#\/schema\/logo\/image\/","url":"https:\/\/ktitechnikagrzewcza.com\/wp-content\/uploads\/2022\/10\/logo1.jpg","contentUrl":"https:\/\/ktitechnikagrzewcza.com\/wp-content\/uploads\/2022\/10\/logo1.jpg","width":1896,"height":800,"caption":"KTI Technika Grzewcza"},"image":{"@id":"https:\/\/ktitechnikagrzewcza.com\/#\/schema\/logo\/image\/"},"sameAs":["http:\/\/www.facebook.com\/KTITechnikaGrzewcza"]}]}},"_links":{"self":[{"href":"https:\/\/ktitechnikagrzewcza.com\/index.php?rest_route=\/wp\/v2\/pages\/698","targetHints":{"allow":["GET"]}}],"collection":[{"href":"https:\/\/ktitechnikagrzewcza.com\/index.php?rest_route=\/wp\/v2\/pages"}],"about":[{"href":"https:\/\/ktitechnikagrzewcza.com\/index.php?rest_route=\/wp\/v2\/types\/page"}],"author":[{"embeddable":true,"href":"https:\/\/ktitechnikagrzewcza.com\/index.php?rest_route=\/wp\/v2\/users\/1"}],"replies":[{"embeddable":true,"href":"https:\/\/ktitechnikagrzewcza.com\/index.php?rest_route=%2Fwp%2Fv2%2Fcomments&post=698"}],"version-history":[{"count":13,"href":"https:\/\/ktitechnikagrzewcza.com\/index.php?rest_route=\/wp\/v2\/pages\/698\/revisions"}],"predecessor-version":[{"id":731,"href":"https:\/\/ktitechnikagrzewcza.com\/index.php?rest_route=\/wp\/v2\/pages\/698\/revisions\/731"}],"wp:attachment":[{"href":"https:\/\/ktitechnikagrzewcza.com\/index.php?rest_route=%2Fwp%2Fv2%2Fmedia&parent=698"}],"curies":[{"name":"wp","href":"https:\/\/api.w.org\/{rel}","templated":true}]}}