{"id":42,"date":"2022-10-29T21:47:29","date_gmt":"2022-10-29T19:47:29","guid":{"rendered":"http:\/\/ktitechnikagrzewcza.com\/?page_id=42"},"modified":"2022-11-08T20:42:24","modified_gmt":"2022-11-08T19:42:24","slug":"uzdatniacze-wody","status":"publish","type":"page","link":"https:\/\/ktitechnikagrzewcza.com\/?page_id=42","title":{"rendered":"Uzdatniacze wody"},"content":{"rendered":"\t\t<div data-elementor-type=\"wp-page\" data-elementor-id=\"42\" class=\"elementor elementor-42\">\n\t\t\t\t\t\t<section class=\"elementor-section elementor-top-section elementor-element elementor-element-f6ca7d3 elementor-section-content-middle elementor-section-boxed elementor-section-height-default elementor-section-height-default\" data-id=\"f6ca7d3\" data-element_type=\"section\" data-settings=\"{&quot;background_background&quot;:&quot;classic&quot;,&quot;shape_divider_top&quot;:&quot;mountains&quot;}\">\n\t\t\t\t\t\t\t<div class=\"elementor-background-overlay\"><\/div>\n\t\t\t\t\t\t<div class=\"elementor-shape elementor-shape-top\" data-negative=\"false\">\n\t\t\t<svg xmlns=\"http:\/\/www.w3.org\/2000\/svg\" viewBox=\"0 0 1000 100\" preserveAspectRatio=\"none\">\n\t<path class=\"elementor-shape-fill\" opacity=\"0.33\" d=\"M473,67.3c-203.9,88.3-263.1-34-320.3,0C66,119.1,0,59.7,0,59.7V0h1000v59.7 c0,0-62.1,26.1-94.9,29.3c-32.8,3.3-62.8-12.3-75.8-22.1C806,49.6,745.3,8.7,694.9,4.7S492.4,59,473,67.3z\"\/>\n\t<path class=\"elementor-shape-fill\" opacity=\"0.66\" d=\"M734,67.3c-45.5,0-77.2-23.2-129.1-39.1c-28.6-8.7-150.3-10.1-254,39.1 s-91.7-34.4-149.2,0C115.7,118.3,0,39.8,0,39.8V0h1000v36.5c0,0-28.2-18.5-92.1-18.5C810.2,18.1,775.7,67.3,734,67.3z\"\/>\n\t<path class=\"elementor-shape-fill\" d=\"M766.1,28.9c-200-57.5-266,65.5-395.1,19.5C242,1.8,242,5.4,184.8,20.6C128,35.8,132.3,44.9,89.9,52.5C28.6,63.7,0,0,0,0 h1000c0,0-9.9,40.9-83.6,48.1S829.6,47,766.1,28.9z\"\/>\n<\/svg>\t\t<\/div>\n\t\t\t\t\t<div class=\"elementor-container elementor-column-gap-no\">\n\t\t\t\t\t<div class=\"elementor-column elementor-col-50 elementor-top-column elementor-element elementor-element-d6d2bb0\" data-id=\"d6d2bb0\" data-element_type=\"column\" data-settings=\"{&quot;background_background&quot;:&quot;classic&quot;}\">\n\t\t\t<div class=\"elementor-widget-wrap elementor-element-populated\">\n\t\t\t\t\t\t<section class=\"elementor-section elementor-inner-section elementor-element elementor-element-66e9548 elementor-section-full_width elementor-section-height-default elementor-section-height-default\" data-id=\"66e9548\" data-element_type=\"section\" data-settings=\"{&quot;background_background&quot;:&quot;classic&quot;}\">\n\t\t\t\t\t\t<div class=\"elementor-container elementor-column-gap-no\">\n\t\t\t\t\t<div class=\"elementor-column elementor-col-100 elementor-inner-column elementor-element elementor-element-45e611e\" data-id=\"45e611e\" data-element_type=\"column\">\n\t\t\t<div class=\"elementor-widget-wrap elementor-element-populated\">\n\t\t\t\t\t\t<div class=\"elementor-element elementor-element-243b0e0 elementor-widget elementor-widget-image\" data-id=\"243b0e0\" data-element_type=\"widget\" data-widget_type=\"image.default\">\n\t\t\t\t<div class=\"elementor-widget-container\">\n\t\t\t\t\t\t\t\t\t\t\t\t\t<img fetchpriority=\"high\" decoding=\"async\" width=\"547\" height=\"747\" src=\"https:\/\/ktitechnikagrzewcza.com\/wp-content\/uploads\/2022\/11\/Screen-Shot-11-03-22-at-06.34-PM.png\" class=\"attachment-full size-full wp-image-405\" alt=\"\" srcset=\"https:\/\/ktitechnikagrzewcza.com\/wp-content\/uploads\/2022\/11\/Screen-Shot-11-03-22-at-06.34-PM.png 547w, https:\/\/ktitechnikagrzewcza.com\/wp-content\/uploads\/2022\/11\/Screen-Shot-11-03-22-at-06.34-PM-220x300.png 220w, https:\/\/ktitechnikagrzewcza.com\/wp-content\/uploads\/2022\/11\/Screen-Shot-11-03-22-at-06.34-PM-230x314.png 230w, https:\/\/ktitechnikagrzewcza.com\/wp-content\/uploads\/2022\/11\/Screen-Shot-11-03-22-at-06.34-PM-350x478.png 350w, https:\/\/ktitechnikagrzewcza.com\/wp-content\/uploads\/2022\/11\/Screen-Shot-11-03-22-at-06.34-PM-480x656.png 480w\" sizes=\"(max-width: 547px) 100vw, 547px\" \/>\t\t\t\t\t\t\t\t\t\t\t\t\t<\/div>\n\t\t\t\t<\/div>\n\t\t\t\t\t<\/div>\n\t\t<\/div>\n\t\t\t\t\t<\/div>\n\t\t<\/section>\n\t\t\t\t\t<\/div>\n\t\t<\/div>\n\t\t\t\t<div class=\"elementor-column elementor-col-50 elementor-top-column elementor-element elementor-element-008cb2c\" data-id=\"008cb2c\" data-element_type=\"column\" data-settings=\"{&quot;background_background&quot;:&quot;classic&quot;}\">\n\t\t\t<div class=\"elementor-widget-wrap elementor-element-populated\">\n\t\t\t\t\t\t<div class=\"elementor-element elementor-element-7afe1d4 envato-kit-138-bracket elementor-invisible elementor-widget elementor-widget-heading\" data-id=\"7afe1d4\" data-element_type=\"widget\" data-settings=\"{&quot;_animation&quot;:&quot;fadeInLeft&quot;}\" data-widget_type=\"heading.default\">\n\t\t\t\t<div class=\"elementor-widget-container\">\n\t\t\t<h3 class=\"elementor-heading-title elementor-size-default\">Uzdatniacze Wody<\/h3>\t\t<\/div>\n\t\t\t\t<\/div>\n\t\t\t\t<div class=\"elementor-element elementor-element-bb798d0 elementor-widget elementor-widget-spacer\" data-id=\"bb798d0\" data-element_type=\"widget\" data-widget_type=\"spacer.default\">\n\t\t\t\t<div class=\"elementor-widget-container\">\n\t\t\t\t\t<div class=\"elementor-spacer\">\n\t\t\t<div class=\"elementor-spacer-inner\"><\/div>\n\t\t<\/div>\n\t\t\t\t<\/div>\n\t\t\t\t<\/div>\n\t\t\t\t<div class=\"elementor-element elementor-element-be537e7 elementor-widget elementor-widget-text-editor\" data-id=\"be537e7\" data-element_type=\"widget\" data-widget_type=\"text-editor.default\">\n\t\t\t\t<div class=\"elementor-widget-container\">\n\t\t\t\t\t\t\t<p style=\"text-align: left;\">Uzdatniacze wody z w\u0142asnego uj\u0119cia Water Technic Pro Multi 28 i 42 wyposa\u017cyli\u015bmy w 28 oraz 36 litr\u00f3w specjalnego multifunkcyjnego z\u0142o\u017ca EcoMix, kt\u00f3re usuwa z wody \u017celazo, mangan, amoniak, zawiesiny organiczne oraz twardo\u015b\u0107 wody (stacja dzia\u0142a jak zmi\u0119kczacz wody). Dodatkowo, na dnie butli ci\u015bnieniowej, znajduje si\u0119 odpowiednia 3 i 6 litr\u00f3w podsypki \u017cwirowej, kt\u00f3ra wspomaga filtracj\u0119 mechaniczn\u0105 (zatrzymuje mu\u0142ki, py\u0142y, piasek).<\/p><p style=\"text-align: left;\">Water Technic Pro Multi usuwa z wody wszystkie niepo\u017c\u0105dane substancje, zmi\u0119kcza j\u0105 do warto\u015bci bliskich 0 dH, a tak\u017ce klaruje i przywraca naturaln\u0105 barw\u0119, zapach i smak. Ostateczny dob\u00f3r urz\u0105dzenia powinien zosta\u0107 poprzedzony wykonaniem analizy fizykochemicznej i bakteriologicznej pobieranej wody.<\/p><p style=\"text-align: left;\">G\u0142owica steruj\u0105ca w uzdatniaczach wody Water Technic Pro Multi wyposa\u017cona jest w szeregiem unikalnych funkcji &#8211; kt\u00f3re sk\u0142adaj\u0105 si\u0119 na program\u00a0<strong>Water Technic PRO System<\/strong>\u00a0&#8211; oraz w alarm niskiego stanu soli. Urz\u0105dzenie obj\u0119te jest pe\u0142n\u0105 8-letni\u0105 gwarancj\u0105 producenta.<\/p>\t\t\t\t\t\t<\/div>\n\t\t\t\t<\/div>\n\t\t\t\t\t<\/div>\n\t\t<\/div>\n\t\t\t\t\t<\/div>\n\t\t<\/section>\n\t\t\t\t<section class=\"elementor-section elementor-top-section elementor-element elementor-element-36279b2 elementor-section-content-middle elementor-section-boxed elementor-section-height-default elementor-section-height-default\" data-id=\"36279b2\" data-element_type=\"section\" data-settings=\"{&quot;background_background&quot;:&quot;classic&quot;,&quot;shape_divider_bottom&quot;:&quot;mountains&quot;}\">\n\t\t\t\t\t\t\t<div class=\"elementor-background-overlay\"><\/div>\n\t\t\t\t\t\t<div class=\"elementor-shape elementor-shape-bottom\" data-negative=\"false\">\n\t\t\t<svg xmlns=\"http:\/\/www.w3.org\/2000\/svg\" viewBox=\"0 0 1000 100\" preserveAspectRatio=\"none\">\n\t<path class=\"elementor-shape-fill\" opacity=\"0.33\" d=\"M473,67.3c-203.9,88.3-263.1-34-320.3,0C66,119.1,0,59.7,0,59.7V0h1000v59.7 c0,0-62.1,26.1-94.9,29.3c-32.8,3.3-62.8-12.3-75.8-22.1C806,49.6,745.3,8.7,694.9,4.7S492.4,59,473,67.3z\"\/>\n\t<path class=\"elementor-shape-fill\" opacity=\"0.66\" d=\"M734,67.3c-45.5,0-77.2-23.2-129.1-39.1c-28.6-8.7-150.3-10.1-254,39.1 s-91.7-34.4-149.2,0C115.7,118.3,0,39.8,0,39.8V0h1000v36.5c0,0-28.2-18.5-92.1-18.5C810.2,18.1,775.7,67.3,734,67.3z\"\/>\n\t<path class=\"elementor-shape-fill\" d=\"M766.1,28.9c-200-57.5-266,65.5-395.1,19.5C242,1.8,242,5.4,184.8,20.6C128,35.8,132.3,44.9,89.9,52.5C28.6,63.7,0,0,0,0 h1000c0,0-9.9,40.9-83.6,48.1S829.6,47,766.1,28.9z\"\/>\n<\/svg>\t\t<\/div>\n\t\t\t\t\t<div class=\"elementor-container elementor-column-gap-no\">\n\t\t\t\t\t<div class=\"elementor-column elementor-col-100 elementor-top-column elementor-element elementor-element-81dde6d\" data-id=\"81dde6d\" data-element_type=\"column\" data-settings=\"{&quot;background_background&quot;:&quot;classic&quot;}\">\n\t\t\t<div class=\"elementor-widget-wrap elementor-element-populated\">\n\t\t\t\t\t\t<div class=\"elementor-element elementor-element-3bfa1a3 envato-kit-138-bracket elementor-invisible elementor-widget elementor-widget-heading\" data-id=\"3bfa1a3\" data-element_type=\"widget\" data-settings=\"{&quot;_animation&quot;:&quot;fadeInLeft&quot;}\" data-widget_type=\"heading.default\">\n\t\t\t\t<div class=\"elementor-widget-container\">\n\t\t\t<h3 class=\"elementor-heading-title elementor-size-default\">Dlaczego uzdatniacz wody WaterTechnik jest najlepszy na rynku?<\/h3>\t\t<\/div>\n\t\t\t\t<\/div>\n\t\t\t\t<div class=\"elementor-element elementor-element-4947048 elementor-widget elementor-widget-image\" data-id=\"4947048\" data-element_type=\"widget\" data-widget_type=\"image.default\">\n\t\t\t\t<div class=\"elementor-widget-container\">\n\t\t\t\t\t\t\t\t\t\t\t\t\t\t<a href=\"https:\/\/ktitechnikagrzewcza.com\/wp-content\/uploads\/2022\/11\/obraz_2022-11-03_194817095.png\" data-elementor-open-lightbox=\"yes\" data-elementor-lightbox-title=\"obraz_2022-11-03_194817095\" data-e-action-hash=\"#elementor-action%3Aaction%3Dlightbox%26settings%3DeyJpZCI6NDE0LCJ1cmwiOiJodHRwczpcL1wva3RpdGVjaG5pa2Fncnpld2N6YS5jb21cL3dwLWNvbnRlbnRcL3VwbG9hZHNcLzIwMjJcLzExXC9vYnJhel8yMDIyLTExLTAzXzE5NDgxNzA5NS5wbmcifQ%3D%3D\">\n\t\t\t\t\t\t\t<img decoding=\"async\" width=\"580\" height=\"366\" src=\"https:\/\/ktitechnikagrzewcza.com\/wp-content\/uploads\/2022\/11\/obraz_2022-11-03_194817095-1024x647.png\" class=\"attachment-large size-large wp-image-414\" alt=\"\" srcset=\"https:\/\/ktitechnikagrzewcza.com\/wp-content\/uploads\/2022\/11\/obraz_2022-11-03_194817095-1024x647.png 1024w, https:\/\/ktitechnikagrzewcza.com\/wp-content\/uploads\/2022\/11\/obraz_2022-11-03_194817095-300x189.png 300w, https:\/\/ktitechnikagrzewcza.com\/wp-content\/uploads\/2022\/11\/obraz_2022-11-03_194817095-768x485.png 768w, https:\/\/ktitechnikagrzewcza.com\/wp-content\/uploads\/2022\/11\/obraz_2022-11-03_194817095-1000x631.png 1000w, https:\/\/ktitechnikagrzewcza.com\/wp-content\/uploads\/2022\/11\/obraz_2022-11-03_194817095-230x145.png 230w, https:\/\/ktitechnikagrzewcza.com\/wp-content\/uploads\/2022\/11\/obraz_2022-11-03_194817095-350x221.png 350w, https:\/\/ktitechnikagrzewcza.com\/wp-content\/uploads\/2022\/11\/obraz_2022-11-03_194817095-480x303.png 480w, https:\/\/ktitechnikagrzewcza.com\/wp-content\/uploads\/2022\/11\/obraz_2022-11-03_194817095.png 1354w\" sizes=\"(max-width: 580px) 100vw, 580px\" \/>\t\t\t\t\t\t\t\t<\/a>\n\t\t\t\t\t\t\t\t\t\t\t\t\t<\/div>\n\t\t\t\t<\/div>\n\t\t\t\t\t<\/div>\n\t\t<\/div>\n\t\t\t\t\t<\/div>\n\t\t<\/section>\n\t\t\t\t<\/div>\n\t\t","protected":false},"excerpt":{"rendered":"<p>Uzdatniacze Wody Uzdatniacze wody z w\u0142asnego uj\u0119cia Water Technic Pro Multi 28 i 42 wyposa\u017cyli\u015bmy w 28 oraz 36 litr\u00f3w specjalnego multifunkcyjnego z\u0142o\u017ca EcoMix, kt\u00f3re usuwa z wody \u017celazo, mangan, amoniak, zawiesiny organiczne oraz twardo\u015b\u0107 wody (stacja dzia\u0142a jak zmi\u0119kczacz wody). Dodatkowo, na dnie butli ci\u015bnieniowej, znajduje si\u0119 odpowiednia 3 i 6 litr\u00f3w podsypki \u017cwirowej, [&hellip;]<\/p>\n","protected":false},"author":1,"featured_media":0,"parent":0,"menu_order":0,"comment_status":"closed","ping_status":"closed","template":"elementor_header_footer","meta":{"footnotes":""},"class_list":["post-42","page","type-page","status-publish","hentry"],"yoast_head":"<!-- This site is optimized with the Yoast SEO Premium plugin v19.2 (Yoast SEO v23.4) - https:\/\/yoast.com\/wordpress\/plugins\/seo\/ -->\n<title>Uzdatniacze wody - KTI<\/title>\n<meta name=\"robots\" content=\"index, follow, max-snippet:-1, max-image-preview:large, max-video-preview:-1\" \/>\n<link rel=\"canonical\" href=\"https:\/\/ktitechnikagrzewcza.com\/?page_id=42\" \/>\n<meta property=\"og:locale\" content=\"pl_PL\" \/>\n<meta property=\"og:type\" content=\"article\" \/>\n<meta property=\"og:title\" content=\"Uzdatniacze wody\" \/>\n<meta property=\"og:description\" content=\"Uzdatniacze Wody Uzdatniacze wody z w\u0142asnego uj\u0119cia Water Technic Pro Multi 28 i 42 wyposa\u017cyli\u015bmy w 28 oraz 36 litr\u00f3w specjalnego multifunkcyjnego z\u0142o\u017ca EcoMix, kt\u00f3re usuwa z wody \u017celazo, mangan, amoniak, zawiesiny organiczne oraz twardo\u015b\u0107 wody (stacja dzia\u0142a jak zmi\u0119kczacz wody). Dodatkowo, na dnie butli ci\u015bnieniowej, znajduje si\u0119 odpowiednia 3 i 6 litr\u00f3w podsypki \u017cwirowej, [&hellip;]\" \/>\n<meta property=\"og:url\" content=\"https:\/\/ktitechnikagrzewcza.com\/?page_id=42\" \/>\n<meta property=\"og:site_name\" content=\"KTI\" \/>\n<meta property=\"article:publisher\" content=\"http:\/\/www.facebook.com\/KTITechnikaGrzewcza\" \/>\n<meta property=\"article:modified_time\" content=\"2022-11-08T19:42:24+00:00\" \/>\n<meta property=\"og:image\" content=\"https:\/\/ktitechnikagrzewcza.com\/wp-content\/uploads\/2022\/11\/Screen-Shot-11-03-22-at-06.34-PM.png\" \/>\n<meta name=\"twitter:card\" content=\"summary_large_image\" \/>\n<meta name=\"twitter:label1\" content=\"Szacowany czas czytania\" \/>\n\t<meta name=\"twitter:data1\" content=\"1 minuta\" \/>\n<script type=\"application\/ld+json\" class=\"yoast-schema-graph\">{\"@context\":\"https:\/\/schema.org\",\"@graph\":[{\"@type\":\"WebPage\",\"@id\":\"https:\/\/ktitechnikagrzewcza.com\/?page_id=42\",\"url\":\"https:\/\/ktitechnikagrzewcza.com\/?page_id=42\",\"name\":\"Uzdatniacze wody - KTI\",\"isPartOf\":{\"@id\":\"https:\/\/ktitechnikagrzewcza.com\/#website\"},\"primaryImageOfPage\":{\"@id\":\"https:\/\/ktitechnikagrzewcza.com\/?page_id=42#primaryimage\"},\"image\":{\"@id\":\"https:\/\/ktitechnikagrzewcza.com\/?page_id=42#primaryimage\"},\"thumbnailUrl\":\"https:\/\/ktitechnikagrzewcza.com\/wp-content\/uploads\/2022\/11\/Screen-Shot-11-03-22-at-06.34-PM.png\",\"datePublished\":\"2022-10-29T19:47:29+00:00\",\"dateModified\":\"2022-11-08T19:42:24+00:00\",\"breadcrumb\":{\"@id\":\"https:\/\/ktitechnikagrzewcza.com\/?page_id=42#breadcrumb\"},\"inLanguage\":\"pl-PL\",\"potentialAction\":[{\"@type\":\"ReadAction\",\"target\":[\"https:\/\/ktitechnikagrzewcza.com\/?page_id=42\"]}]},{\"@type\":\"ImageObject\",\"inLanguage\":\"pl-PL\",\"@id\":\"https:\/\/ktitechnikagrzewcza.com\/?page_id=42#primaryimage\",\"url\":\"https:\/\/ktitechnikagrzewcza.com\/wp-content\/uploads\/2022\/11\/Screen-Shot-11-03-22-at-06.34-PM.png\",\"contentUrl\":\"https:\/\/ktitechnikagrzewcza.com\/wp-content\/uploads\/2022\/11\/Screen-Shot-11-03-22-at-06.34-PM.png\",\"width\":547,\"height\":747},{\"@type\":\"BreadcrumbList\",\"@id\":\"https:\/\/ktitechnikagrzewcza.com\/?page_id=42#breadcrumb\",\"itemListElement\":[{\"@type\":\"ListItem\",\"position\":1,\"name\":\"Strona g\u0142\u00f3wna\",\"item\":\"https:\/\/ktitechnikagrzewcza.com\/\"},{\"@type\":\"ListItem\",\"position\":2,\"name\":\"Uzdatniacze wody\"}]},{\"@type\":\"WebSite\",\"@id\":\"https:\/\/ktitechnikagrzewcza.com\/#website\",\"url\":\"https:\/\/ktitechnikagrzewcza.com\/\",\"name\":\"KTI\",\"description\":\"Technika Grzewcza\",\"publisher\":{\"@id\":\"https:\/\/ktitechnikagrzewcza.com\/#organization\"},\"potentialAction\":[{\"@type\":\"SearchAction\",\"target\":{\"@type\":\"EntryPoint\",\"urlTemplate\":\"https:\/\/ktitechnikagrzewcza.com\/?s={search_term_string}\"},\"query-input\":{\"@type\":\"PropertyValueSpecification\",\"valueRequired\":true,\"valueName\":\"search_term_string\"}}],\"inLanguage\":\"pl-PL\"},{\"@type\":\"Organization\",\"@id\":\"https:\/\/ktitechnikagrzewcza.com\/#organization\",\"name\":\"KTI Technika Grzewcza\",\"url\":\"https:\/\/ktitechnikagrzewcza.com\/\",\"logo\":{\"@type\":\"ImageObject\",\"inLanguage\":\"pl-PL\",\"@id\":\"https:\/\/ktitechnikagrzewcza.com\/#\/schema\/logo\/image\/\",\"url\":\"https:\/\/ktitechnikagrzewcza.com\/wp-content\/uploads\/2022\/10\/logo1.jpg\",\"contentUrl\":\"https:\/\/ktitechnikagrzewcza.com\/wp-content\/uploads\/2022\/10\/logo1.jpg\",\"width\":1896,\"height\":800,\"caption\":\"KTI Technika Grzewcza\"},\"image\":{\"@id\":\"https:\/\/ktitechnikagrzewcza.com\/#\/schema\/logo\/image\/\"},\"sameAs\":[\"http:\/\/www.facebook.com\/KTITechnikaGrzewcza\"]}]}<\/script>\n<!-- \/ Yoast SEO Premium plugin. -->","yoast_head_json":{"title":"Uzdatniacze wody - KTI","robots":{"index":"index","follow":"follow","max-snippet":"max-snippet:-1","max-image-preview":"max-image-preview:large","max-video-preview":"max-video-preview:-1"},"canonical":"https:\/\/ktitechnikagrzewcza.com\/?page_id=42","og_locale":"pl_PL","og_type":"article","og_title":"Uzdatniacze wody","og_description":"Uzdatniacze Wody Uzdatniacze wody z w\u0142asnego uj\u0119cia Water Technic Pro Multi 28 i 42 wyposa\u017cyli\u015bmy w 28 oraz 36 litr\u00f3w specjalnego multifunkcyjnego z\u0142o\u017ca EcoMix, kt\u00f3re usuwa z wody \u017celazo, mangan, amoniak, zawiesiny organiczne oraz twardo\u015b\u0107 wody (stacja dzia\u0142a jak zmi\u0119kczacz wody). Dodatkowo, na dnie butli ci\u015bnieniowej, znajduje si\u0119 odpowiednia 3 i 6 litr\u00f3w podsypki \u017cwirowej, [&hellip;]","og_url":"https:\/\/ktitechnikagrzewcza.com\/?page_id=42","og_site_name":"KTI","article_publisher":"http:\/\/www.facebook.com\/KTITechnikaGrzewcza","article_modified_time":"2022-11-08T19:42:24+00:00","og_image":[{"url":"https:\/\/ktitechnikagrzewcza.com\/wp-content\/uploads\/2022\/11\/Screen-Shot-11-03-22-at-06.34-PM.png"}],"twitter_card":"summary_large_image","twitter_misc":{"Szacowany czas czytania":"1 minuta"},"schema":{"@context":"https:\/\/schema.org","@graph":[{"@type":"WebPage","@id":"https:\/\/ktitechnikagrzewcza.com\/?page_id=42","url":"https:\/\/ktitechnikagrzewcza.com\/?page_id=42","name":"Uzdatniacze wody - KTI","isPartOf":{"@id":"https:\/\/ktitechnikagrzewcza.com\/#website"},"primaryImageOfPage":{"@id":"https:\/\/ktitechnikagrzewcza.com\/?page_id=42#primaryimage"},"image":{"@id":"https:\/\/ktitechnikagrzewcza.com\/?page_id=42#primaryimage"},"thumbnailUrl":"https:\/\/ktitechnikagrzewcza.com\/wp-content\/uploads\/2022\/11\/Screen-Shot-11-03-22-at-06.34-PM.png","datePublished":"2022-10-29T19:47:29+00:00","dateModified":"2022-11-08T19:42:24+00:00","breadcrumb":{"@id":"https:\/\/ktitechnikagrzewcza.com\/?page_id=42#breadcrumb"},"inLanguage":"pl-PL","potentialAction":[{"@type":"ReadAction","target":["https:\/\/ktitechnikagrzewcza.com\/?page_id=42"]}]},{"@type":"ImageObject","inLanguage":"pl-PL","@id":"https:\/\/ktitechnikagrzewcza.com\/?page_id=42#primaryimage","url":"https:\/\/ktitechnikagrzewcza.com\/wp-content\/uploads\/2022\/11\/Screen-Shot-11-03-22-at-06.34-PM.png","contentUrl":"https:\/\/ktitechnikagrzewcza.com\/wp-content\/uploads\/2022\/11\/Screen-Shot-11-03-22-at-06.34-PM.png","width":547,"height":747},{"@type":"BreadcrumbList","@id":"https:\/\/ktitechnikagrzewcza.com\/?page_id=42#breadcrumb","itemListElement":[{"@type":"ListItem","position":1,"name":"Strona g\u0142\u00f3wna","item":"https:\/\/ktitechnikagrzewcza.com\/"},{"@type":"ListItem","position":2,"name":"Uzdatniacze wody"}]},{"@type":"WebSite","@id":"https:\/\/ktitechnikagrzewcza.com\/#website","url":"https:\/\/ktitechnikagrzewcza.com\/","name":"KTI","description":"Technika Grzewcza","publisher":{"@id":"https:\/\/ktitechnikagrzewcza.com\/#organization"},"potentialAction":[{"@type":"SearchAction","target":{"@type":"EntryPoint","urlTemplate":"https:\/\/ktitechnikagrzewcza.com\/?s={search_term_string}"},"query-input":{"@type":"PropertyValueSpecification","valueRequired":true,"valueName":"search_term_string"}}],"inLanguage":"pl-PL"},{"@type":"Organization","@id":"https:\/\/ktitechnikagrzewcza.com\/#organization","name":"KTI Technika Grzewcza","url":"https:\/\/ktitechnikagrzewcza.com\/","logo":{"@type":"ImageObject","inLanguage":"pl-PL","@id":"https:\/\/ktitechnikagrzewcza.com\/#\/schema\/logo\/image\/","url":"https:\/\/ktitechnikagrzewcza.com\/wp-content\/uploads\/2022\/10\/logo1.jpg","contentUrl":"https:\/\/ktitechnikagrzewcza.com\/wp-content\/uploads\/2022\/10\/logo1.jpg","width":1896,"height":800,"caption":"KTI Technika Grzewcza"},"image":{"@id":"https:\/\/ktitechnikagrzewcza.com\/#\/schema\/logo\/image\/"},"sameAs":["http:\/\/www.facebook.com\/KTITechnikaGrzewcza"]}]}},"_links":{"self":[{"href":"https:\/\/ktitechnikagrzewcza.com\/index.php?rest_route=\/wp\/v2\/pages\/42","targetHints":{"allow":["GET"]}}],"collection":[{"href":"https:\/\/ktitechnikagrzewcza.com\/index.php?rest_route=\/wp\/v2\/pages"}],"about":[{"href":"https:\/\/ktitechnikagrzewcza.com\/index.php?rest_route=\/wp\/v2\/types\/page"}],"author":[{"embeddable":true,"href":"https:\/\/ktitechnikagrzewcza.com\/index.php?rest_route=\/wp\/v2\/users\/1"}],"replies":[{"embeddable":true,"href":"https:\/\/ktitechnikagrzewcza.com\/index.php?rest_route=%2Fwp%2Fv2%2Fcomments&post=42"}],"version-history":[{"count":16,"href":"https:\/\/ktitechnikagrzewcza.com\/index.php?rest_route=\/wp\/v2\/pages\/42\/revisions"}],"predecessor-version":[{"id":543,"href":"https:\/\/ktitechnikagrzewcza.com\/index.php?rest_route=\/wp\/v2\/pages\/42\/revisions\/543"}],"wp:attachment":[{"href":"https:\/\/ktitechnikagrzewcza.com\/index.php?rest_route=%2Fwp%2Fv2%2Fmedia&parent=42"}],"curies":[{"name":"wp","href":"https:\/\/api.w.org\/{rel}","templated":true}]}}